{"id":93,"date":"2023-05-21T20:00:23","date_gmt":"2023-05-21T18:00:23","guid":{"rendered":"https:\/\/sst-prevention.fr\/site\/?page_id=93"},"modified":"2025-11-03T18:21:06","modified_gmt":"2025-11-03T17:21:06","slug":"maintien-et-actualisation-des-competences-mac-sst","status":"publish","type":"page","link":"https:\/\/sst-prevention.fr\/site\/entreprises\/maintien-et-actualisation-des-competences-mac-sst\/","title":{"rendered":"Maintien et actualisation des comp\u00e9tences MAC SST"},"content":{"rendered":"\n<figure class=\"wp-block-image aligncenter size-medium is-resized\"><img loading=\"lazy\" decoding=\"async\" width=\"300\" height=\"290\" src=\"https:\/\/sst-prevention.fr\/site\/wp-content\/uploads\/2024\/08\/logo-MAC-SST-300x290.png\" alt=\"\" class=\"wp-image-531\" style=\"object-fit:cover;width:200px;height:200px\" srcset=\"https:\/\/sst-prevention.fr\/site\/wp-content\/uploads\/2024\/08\/logo-MAC-SST-300x290.png 300w, https:\/\/sst-prevention.fr\/site\/wp-content\/uploads\/2024\/08\/logo-MAC-SST.png 748w\" sizes=\"auto, (max-width: 300px) 100vw, 300px\" \/><\/figure>\n\n\n\n<div class=\"wp-block-cover is-light has-parallax\"><div class=\"wp-block-cover__image-background wp-image-936 size-full has-parallax\" style=\"background-position:50% 50%;background-image:url(https:\/\/sst-prevention.fr\/site\/wp-content\/uploads\/2025\/11\/P7-MAC.jpg)\"><\/div><span aria-hidden=\"true\" class=\"wp-block-cover__background has-background-dim-0 has-background-dim\" style=\"background-color:#96969d\"><\/span><div class=\"wp-block-cover__inner-container is-layout-constrained wp-block-cover-is-layout-constrained\">\n<p class=\"has-text-align-center has-large-font-size\"><\/p>\n<\/div><\/div>\n\n\n\n<div class=\"wp-block-group alignfull has-background is-vertical is-content-justification-stretch is-layout-flex wp-container-core-group-is-layout-2d985f2e wp-block-group-is-layout-flex\" style=\"background-color:#ffffff00;padding-top:2%;padding-right:5%;padding-bottom:2%;padding-left:5%\">\n<p class=\"has-custom-couleur-1-color has-text-color has-link-color wp-elements-0a87d1783a816a44a0762094761c34d5\"><a href=\"https:\/\/sst-prevention.fr\/site\/entreprises\/demarche-de-prevention\/\"><strong>DEMARCHE DE PREVENTION<\/strong><\/a><\/p>\n\n\n\n<p class=\"has-custom-couleur-1-color has-text-color has-link-color wp-elements-2602d0467a41f3ab2cb97e16456270d5\"><strong><a href=\"https:\/\/sst-prevention.fr\/site\/entreprises\/formation-sst\/\">FORMATION SST<\/a><\/strong><\/p>\n\n\n\n<p class=\"has-custom-couleur-1-color has-text-color has-link-color has-base-font-size wp-elements-c69302d2a46b49146f3bc0f72c061f43\"><strong><a href=\"https:\/\/sst-prevention.fr\/site\/entreprises\/maintien-et-actualisation-des-competences-mac-sst\/\">FORMATION MAINTIEN ET ACTUALISATION DES COMPETENCES MAC SST<\/a><\/strong><\/p>\n\n\n\n<p class=\"has-custom-couleur-1-color has-text-color has-link-color wp-elements-6c185383161a09eca91e2b6dbb406be2\"><a href=\"https:\/\/sst-prevention.fr\/site\/entreprises\/collaboration-avec-les-organismes-de-formations\/\">COLLABORATION AVEC LES ORGANISMES DE FORMATION<\/a><\/p>\n\n\n\n<p class=\"has-custom-couleur-1-color has-text-color has-link-color wp-elements-1abf92e5a07d908e028be83f97dc03bc\"><strong><a href=\"https:\/\/sst-prevention.fr\/site\/entreprises\/equipements\/\">EQUIPEMENTS<\/a><\/strong><\/p>\n\n\n\n<p class=\"has-custom-couleur-1-color has-text-color has-link-color wp-elements-191a8f8a8be598174e4f13181081d568\"><strong><a href=\"https:\/\/sst-prevention.fr\/site\/entreprises\/la-prise-de-parole-en-public\/\">LA PRISE DE PAROLE EN PUBLIC<\/a><\/strong><\/p>\n\n\n\n<p class=\"has-custom-couleur-1-color has-text-color has-link-color has-base-font-size wp-elements-d95845d573168162a18435699c5d0118\"><strong><a href=\"https:\/\/sst-prevention.fr\/site\/entreprises\/communication-bienveillante\/\">LA PREVENTION ET LA GESTION DE CONFLITS<\/a><\/strong><\/p>\n\n\n\n<p><\/p>\n\n\n\n<p class=\"has-text-color has-link-color wp-elements-300a340e53996bb47566af4f2f1cce62\" style=\"color:#4dad32\">La formation MAC SST fait l\u2019objet d\u2019un Maintien et d\u2019une Actualisation des Comp\u00e9tences tous les 24 mois permettant de conserver la validit\u00e9 du certificat d\u2019acteur SST.<\/p>\n\n\n\n<p>Le nouveau dispositif&nbsp;: V8-01\/2021<\/p>\n\n\n\n<p>Pour rappel&nbsp;; le SST <strong>participe \u00e0 la pr\u00e9vention en entreprises<\/strong> en mettant ses comp\u00e9tences au profit a sant\u00e9 et s\u00e9curit\u00e9 au travail, dans le respect de l\u2019organisation de l\u2019entreprise et des proc\u00e9dures sp\u00e9cifiques fix\u00e9es.<\/p>\n\n\n\n<p>Le sauveteur secouriste du travail&nbsp;:<\/p>\n\n\n\n<p>\u2013 Intervient sur son lieu de travail pour porter secours \u00e0 toute personne victime d\u2019un accident et\/ou d\u2019un malaise ;<br>\u2013 Met ses comp\u00e9tences en mati\u00e8re de pr\u00e9vention au service de l\u2019entreprise, organisme ou \u00e9tablissement dans lequel il intervient, pour contribuer \u00e0 la diminution des risques d\u2019atteinte \u00e0 la sant\u00e9 des salari\u00e9s.<\/p>\n\n\n\n<p class=\"has-text-color has-link-color wp-elements-46034087ef27a3b4c2441a02311bbc41\" style=\"color:#4dad32\"><strong>PRE-REQUIS&nbsp;:<\/strong><\/p>\n\n\n\n<p>Niveau B1 du CECRL<\/p>\n\n\n\n<p>Certificat SST (Sauvetage Secourisme au Travail)<\/p>\n\n\n\n<p>Ou certificat APS (Agent de Pr\u00e9vention et de s\u00e9curit\u00e9<a><\/a><a><\/a><\/p>\n\n\n\n<p class=\"has-text-color has-link-color wp-elements-7047774684d1b9b9b217ef9d8d9faf94\" style=\"color:#4dad32\"><strong>DUREE&nbsp;:<\/strong><\/p>\n\n\n\n<p>7 heures en pr\u00e9sentiel<\/p>\n\n\n\n<p class=\"has-text-color has-link-color wp-elements-e24561db8aef18614b2d8ed3f6be68dd\" style=\"color:#4dad32\"><strong>NOMBRE DE PARTICIPANTS&nbsp;:<\/strong><\/p>\n\n\n\n<p>4 \u00e0 10 stagiaires<\/p>\n\n\n\n<p>Accessibilit\u00e9 aux personnes en situation de handicap visible ou invisible :<strong>&nbsp;<\/strong>Chaque situation est \u00e9tudi\u00e9e au cas par cas afin de mettre en place les dispositions n\u00e9cessaires pour permettre une int\u00e9gration adapt\u00e9e. Merci de nous contacter pour nous signaler toute situation n\u00e9cessitant des besoins sp\u00e9cifiques d\u00e8s l\u2019inscription.<\/p>\n\n\n\n<p class=\"has-text-color has-link-color wp-elements-4a849a49e5eb1e13afb0342f45ac670f\" style=\"color:#4dad32\"><strong>ENCADREMENT&nbsp;:<\/strong><\/p>\n\n\n\n<p>La formatrice est certifi\u00e9e par l\u2019INRS, enregistr\u00e9e sur Forprev et est rattach\u00e9e \u00e0 un organisme de formation habilit\u00e9 pour la formation initiale et continue de SST et cetifi\u00e9 QUALIOPI<\/p>\n\n\n\n<p class=\"has-text-color has-link-color wp-elements-547160ae0f74f20d0b4d85483d7c0d05\" style=\"color:#4dad32\"><strong>CERTIFICATION&nbsp;:<\/strong><\/p>\n\n\n\n<p class=\"has-text-color has-link-color wp-elements-cffa3409a08019a784806accd3028b7e\" style=\"color:#ff0000\">A l\u2019issue de la formation, un Certificat de Sauveteur Secouriste du Travail , valable \u00e0 nouveau 24 mois, sera d\u00e9livr\u00e9 au candidat qui aura r\u00e9ussi les \u00e9preuves.<\/p>\n\n\n\n<p>Si un stagiaire ne parvient \u00e0 valider toutes les comp\u00e9tences requises, il se verra d\u00e9livrer une attestation de suivi de la formation.<\/p>\n\n\n\n<p>Les crit\u00e8res d\u2019\u00e9valuation certificatifs utilis\u00e9s pour cette validation sont ceux d\u00e9finis par l\u2019INRS, dans le r\u00e9f\u00e9rentiel de formation des sauveteurs secouristes du travail&nbsp;:<\/p>\n\n\n\n<p class=\"has-text-color has-link-color wp-elements-f1bad3428acc6c6e0fcda7ee562d2884\" style=\"color:#ff0000\">Domaine de comp\u00e9tences 1&nbsp;:<\/p>\n\n\n\n<p>Intervenir face \u00e0 une situation d\u2019accident du travail<\/p>\n\n\n\n<p class=\"has-text-color has-link-color wp-elements-ed26a075dd8fa1d0623569972e9beb06\" style=\"color:#ff0000\">Domaine de comp\u00e9tences 2&nbsp;:<\/p>\n\n\n\n<p>Contribuer \u00e0 la pr\u00e9vention des risques professionnels dans l\u2019entreprise.<\/p>\n\n\n\n<p class=\"has-text-color has-link-color wp-elements-9030ac32aca4f1784c180279c0a8dab5\" style=\"color:#4dad32\"><strong>Equivalences <\/strong><strong>:<\/strong><\/p>\n\n\n\n<p>Le SST donne l\u2019\u00e9quivalence \u00e0 l\u2019unit\u00e9 d\u2019enseignement \u00ab&nbsp;Pr\u00e9vention et secours civique de niveau1&nbsp;\u00bb (PSC1) du minist\u00e8re de l\u2019Int\u00e9rieur et d\u2019Agent de Pr\u00e9vention et de S\u00e9curit\u00e9 (APS)<\/p>\n\n\n\n<p class=\"has-text-color has-link-color wp-elements-532d1a31c0a3995b150201468b356642\" style=\"color:#4dad32\"><strong>METHODES PEDAGOGIQUES&nbsp;:<\/strong><\/p>\n\n\n\n<p class=\"has-text-color has-link-color wp-elements-06e18d42c00d0d5ca6d960016305c233\" style=\"color:#ff0000\">La formatrice s\u2019engage \u00e0 \u00eatre \u00e0 l\u2019\u00e9coute des besoins sp\u00e9cifiques (handicaps visibles ou invisibles, difficult\u00e9s en fran\u00e7ais\u2026) et \u00e0 accompagner les stagiaires de mani\u00e8re personnalis\u00e9e suivant le public et le secteur d\u2019activit\u00e9.<\/p>\n\n\n\n<p>Le contenu de la formation prendra en compte les attentes de chaque stagiaire afin d\u2019\u00e9changer les r\u00e9flexions et apporter des r\u00e9ponses correspondant au mieux \u00e0 leurs besoins.<\/p>\n\n\n\n<p>Les m\u00e9thodes p\u00e9dagogiques privil\u00e9gi\u00e9es sont donc heuristiques, d\u00e9monstratives et applicatives.<\/p>\n\n\n\n<p>L\u2019\u00e9valuation formative est ainsi favoris\u00e9e&nbsp;:<\/p>\n\n\n\n<ul class=\"wp-block-list\">\n<li>Formation th\u00e9orique (40%) et pratique (60%)&nbsp; en alternance<\/li>\n\n\n\n<li>Expos\u00e9 interactif avec une \u00e9valuation formative sur la journ\u00e9e<\/li>\n\n\n\n<li>S\u00e9ance de rappel pour chaque geste technique et pour chaque participant selon les r\u00e9actualisations de l\u2019INRS<\/li>\n\n\n\n<li>Chacun des modules de la&nbsp;formation SSTfait l\u2019objet d\u2019exercices pratiques et de mises en situations.<\/li>\n\n\n\n<li>Cas concrets sur victimes simul\u00e9s<\/li>\n<\/ul>\n\n\n\n<p class=\"has-text-color has-link-color wp-elements-136d259beb6b4f5e987e0d8a6b34ca56\" style=\"color:#4dad32\"><strong>LE PROGRAMME&nbsp;:<\/strong><\/p>\n\n\n\n<p class=\"has-text-color has-link-color wp-elements-2b974a6a7f405920b52b55096ff053f3\" style=\"color:#ffc800\"><strong>&nbsp;JOUR 1&nbsp;matin&nbsp;:<\/strong><\/p>\n\n\n\n<p>&#8211; En attendant l\u2019arriv\u00e9e de tous les stagiaires&nbsp;<strong>:<\/strong><\/p>\n\n\n\n<p><strong>&nbsp;&nbsp; <\/strong>Questionnaire d\u2019entr\u00e9e en formation (attentes, motivations, freins, craintes)<\/p>\n\n\n\n<p>&#8211; Pr\u00e9sentation de la formatrice et des stagiaires&nbsp;: tour de table<\/p>\n\n\n\n<p>&#8211; Pr\u00e9sentation des objectifs de la formations, des comp\u00e9tences \u00e0 valider et des contenus&nbsp;:<\/p>\n\n\n\n<p class=\"has-text-color has-link-color wp-elements-f1bad3428acc6c6e0fcda7ee562d2884\" style=\"color:#ff0000\">Domaine de comp\u00e9tences 1&nbsp;:<\/p>\n\n\n\n<p>Intervenir face \u00e0 une situation d\u2019accident du travail.<\/p>\n\n\n\n<p class=\"has-text-color has-link-color wp-elements-ed26a075dd8fa1d0623569972e9beb06\" style=\"color:#ff0000\">Domaine de comp\u00e9tences 2&nbsp;:<\/p>\n\n\n\n<p>Contribuer \u00e0 la pr\u00e9vention des risques professionnels dans l\u2019entreprise.<\/p>\n\n\n\n<ul class=\"wp-block-list\">\n<li>Pr\u00e9sentation des \u00e9preuves certificatives&nbsp;:<\/li>\n<\/ul>\n\n\n\n<p class=\"has-text-color has-link-color wp-elements-b81ce3647ea2bfc740b28a853e45cd43\" style=\"color:#ff0000\">Selon la grille de certification de document de r\u00e9f\u00e9rence SST de l\u2019INRS, chaque candidat devra valider 2 \u00e9preuves certificatives :<\/p>\n\n\n\n<p>&#8211; Une situation d&rsquo;accident simul\u00e9e<\/p>\n\n\n\n<p>&#8211; Un questionnement sur la pr\u00e9vention<\/p>\n\n\n\n<p>&#8211; Retours de terrain et \u00e9changes<\/p>\n\n\n\n<p>&#8211; Rappel et actualisation de la l\u00e9gislation, du cadre juridique de l\u2019employeur, du sauveteur secouriste du travail, son r\u00f4le, ses limites du sst et actualisation selon l\u2019INRS\/Forprev<\/p>\n\n\n\n<p>&#8211;&nbsp; Rappel des notions de base en pr\u00e9vention des risques professionnels et de la d\u00e9marche de pr\u00e9vention et actualisation selon l\u2019INRS\/Forprev<\/p>\n\n\n\n<p>&nbsp; Les 4 actions du SST&nbsp;: Prot\u00e9ger, Examiner, Alerter ou faire Alerter, Secourir<\/p>\n\n\n\n<p class=\"has-text-color has-link-color wp-elements-ad14f08578985e958a34adec871614d5\" style=\"color:#ffc800\"><strong>JOUR 1 apr\u00e8s-midi<\/strong> :<\/p>\n\n\n\n<p>&#8211; Les gestes de premiers secours&nbsp;:<\/p>\n\n\n\n<p>Une victime saigne abondamment<\/p>\n\n\n\n<p>Une victime s&rsquo;\u00e9touffe<\/p>\n\n\n\n<p>Une victime pr\u00e9sente un malaise<\/p>\n\n\n\n<p>Une victime se plaint de br\u00fblures<\/p>\n\n\n\n<p>Une victime se plaint de douleur emp\u00eachant ses mouvements<\/p>\n\n\n\n<p>Une victime ne saigne&nbsp;pas abondamment<\/p>\n\n\n\n<p>Une victime ne r\u00e9pond pas mais respire ( PLS)<\/p>\n\n\n\n<p>Une victime ne r\u00e9pond pas et ne respire pas ( RCP et pose de DSA)<\/p>\n\n\n\n<p>&#8211; &nbsp;Epreuves certificatives (Questionnaire \u00e9crit, mises en situation)<\/p>\n\n\n\n<p>&#8211;&nbsp; Bilan de la formation<\/p>\n\n\n\n<p class=\"has-text-color has-link-color wp-elements-1672c74c863bdc3fb857110d65dd05a1\" style=\"color:#ffc800\"><strong>(Le rythme th\u00e9orie\/pratique de ce programme pourra \u00eatre adapt\u00e9 selon la taille et la dynamique du groupe, et selon les r\u00e9sultats obtenus lors de l\u2019\u00e9valuation formative)<\/strong><\/p>\n\n\n\n<p class=\"has-text-color has-link-color wp-elements-719a15c2081b6b38a7e9daffcccafc63\" style=\"color:#4dad32\"><strong>TARIFS&nbsp;:<\/strong><\/p>\n\n\n\n<p>En inter ou en &nbsp;intra, le tarif est n\u00e9goci\u00e9 \u00e0 un tarif pr\u00e9f\u00e9rentiel avec l\u2019organisme d\u00e9l\u00e9gataire, habilit\u00e9 pour la formation initiale et continue de SST et certifi\u00e9 QUALIOPI.<\/p>\n\n\n\n<p><\/p>\n\n\n\n<p class=\"has-text-align-center has-custom-couleur-1-color has-text-color has-link-color has-medium-font-size wp-elements-26268749db267faecc6ec11ca9356ffe\"><strong><a data-type=\"page\" data-id=\"74\" href=\"https:\/\/sst-prevention.fr\/site\/contact\/\">DEMANDER UN DEVIS<\/a><\/strong><\/p>\n\n\n\n<div class=\"wp-block-group is-content-justification-center is-nowrap is-layout-flex wp-container-core-group-is-layout-23441af8 wp-block-group-is-layout-flex\"><div class=\"wp-block-template-part\"><\/div><\/div>\n<\/div>\n","protected":false},"excerpt":{"rendered":"<p>DEMARCHE DE PREVENTION FORMATION SST FORMATION MAINTIEN ET ACTUALISATION DES COMPETENCES MAC SST COLLABORATION AVEC LES ORGANISMES DE FORMATION EQUIPEMENTS LA PRISE DE PAROLE EN PUBLIC LA PREVENTION ET LA GESTION DE CONFLITS La formation MAC SST fait l\u2019objet d\u2019un Maintien et d\u2019une Actualisation des Comp\u00e9tences tous les 24 mois permettant de conserver la validit\u00e9 [&hellip;]<\/p>\n","protected":false},"author":1,"featured_media":0,"parent":66,"menu_order":3,"comment_status":"closed","ping_status":"closed","template":"","meta":{"ngg_post_thumbnail":0,"_glsr_average":0,"_glsr_ranking":0,"_glsr_reviews":0,"footnotes":""},"class_list":["post-93","page","type-page","status-publish","hentry"],"yoast_head":"<!-- This site is optimized with the Yoast SEO plugin v27.4 - https:\/\/yoast.com\/product\/yoast-seo-wordpress\/ -->\n<title>Maintien et actualisation des comp\u00e9tences MAC SST -<\/title>\n<meta name=\"robots\" content=\"index, follow, max-snippet:-1, max-image-preview:large, max-video-preview:-1\" \/>\n<link rel=\"canonical\" href=\"https:\/\/sst-prevention.fr\/site\/entreprises\/maintien-et-actualisation-des-competences-mac-sst\/\" \/>\n<meta property=\"og:locale\" content=\"fr_FR\" \/>\n<meta property=\"og:type\" content=\"article\" \/>\n<meta property=\"og:title\" content=\"Maintien et actualisation des comp\u00e9tences MAC SST -\" \/>\n<meta property=\"og:description\" content=\"DEMARCHE DE PREVENTION FORMATION SST FORMATION MAINTIEN ET ACTUALISATION DES COMPETENCES MAC SST COLLABORATION AVEC LES ORGANISMES DE FORMATION EQUIPEMENTS LA PRISE DE PAROLE EN PUBLIC LA PREVENTION ET LA GESTION DE CONFLITS La formation MAC SST fait l\u2019objet d\u2019un Maintien et d\u2019une Actualisation des Comp\u00e9tences tous les 24 mois permettant de conserver la validit\u00e9 [&hellip;]\" \/>\n<meta property=\"og:url\" content=\"https:\/\/sst-prevention.fr\/site\/entreprises\/maintien-et-actualisation-des-competences-mac-sst\/\" \/>\n<meta property=\"article:modified_time\" content=\"2025-11-03T17:21:06+00:00\" \/>\n<meta property=\"og:image\" content=\"https:\/\/sst-prevention.fr\/site\/wp-content\/uploads\/2024\/08\/logo-MAC-SST.png\" \/>\n\t<meta property=\"og:image:width\" content=\"748\" \/>\n\t<meta property=\"og:image:height\" content=\"722\" \/>\n\t<meta property=\"og:image:type\" content=\"image\/png\" \/>\n<meta name=\"twitter:card\" content=\"summary_large_image\" \/>\n<meta name=\"twitter:label1\" content=\"Dur\u00e9e de lecture estim\u00e9e\" \/>\n\t<meta name=\"twitter:data1\" content=\"5 minutes\" \/>\n<script type=\"application\/ld+json\" class=\"yoast-schema-graph\">{\"@context\":\"https:\\\/\\\/schema.org\",\"@graph\":[{\"@type\":\"WebPage\",\"@id\":\"https:\\\/\\\/sst-prevention.fr\\\/site\\\/entreprises\\\/maintien-et-actualisation-des-competences-mac-sst\\\/\",\"url\":\"https:\\\/\\\/sst-prevention.fr\\\/site\\\/entreprises\\\/maintien-et-actualisation-des-competences-mac-sst\\\/\",\"name\":\"Maintien et actualisation des comp\u00e9tences MAC SST -\",\"isPartOf\":{\"@id\":\"https:\\\/\\\/sst-prevention.fr\\\/site\\\/#website\"},\"primaryImageOfPage\":{\"@id\":\"https:\\\/\\\/sst-prevention.fr\\\/site\\\/entreprises\\\/maintien-et-actualisation-des-competences-mac-sst\\\/#primaryimage\"},\"image\":{\"@id\":\"https:\\\/\\\/sst-prevention.fr\\\/site\\\/entreprises\\\/maintien-et-actualisation-des-competences-mac-sst\\\/#primaryimage\"},\"thumbnailUrl\":\"https:\\\/\\\/sst-prevention.fr\\\/site\\\/wp-content\\\/uploads\\\/2024\\\/08\\\/logo-MAC-SST-300x290.png\",\"datePublished\":\"2023-05-21T18:00:23+00:00\",\"dateModified\":\"2025-11-03T17:21:06+00:00\",\"breadcrumb\":{\"@id\":\"https:\\\/\\\/sst-prevention.fr\\\/site\\\/entreprises\\\/maintien-et-actualisation-des-competences-mac-sst\\\/#breadcrumb\"},\"inLanguage\":\"fr-FR\",\"potentialAction\":[{\"@type\":\"ReadAction\",\"target\":[\"https:\\\/\\\/sst-prevention.fr\\\/site\\\/entreprises\\\/maintien-et-actualisation-des-competences-mac-sst\\\/\"]}]},{\"@type\":\"ImageObject\",\"inLanguage\":\"fr-FR\",\"@id\":\"https:\\\/\\\/sst-prevention.fr\\\/site\\\/entreprises\\\/maintien-et-actualisation-des-competences-mac-sst\\\/#primaryimage\",\"url\":\"https:\\\/\\\/sst-prevention.fr\\\/site\\\/wp-content\\\/uploads\\\/2024\\\/08\\\/logo-MAC-SST.png\",\"contentUrl\":\"https:\\\/\\\/sst-prevention.fr\\\/site\\\/wp-content\\\/uploads\\\/2024\\\/08\\\/logo-MAC-SST.png\",\"width\":748,\"height\":722},{\"@type\":\"BreadcrumbList\",\"@id\":\"https:\\\/\\\/sst-prevention.fr\\\/site\\\/entreprises\\\/maintien-et-actualisation-des-competences-mac-sst\\\/#breadcrumb\",\"itemListElement\":[{\"@type\":\"ListItem\",\"position\":1,\"name\":\"Accueil\",\"item\":\"https:\\\/\\\/sst-prevention.fr\\\/site\\\/\"},{\"@type\":\"ListItem\",\"position\":2,\"name\":\"Entreprises\",\"item\":\"https:\\\/\\\/sst-prevention.fr\\\/site\\\/entreprises\\\/\"},{\"@type\":\"ListItem\",\"position\":3,\"name\":\"Maintien et actualisation des comp\u00e9tences MAC SST\"}]},{\"@type\":\"WebSite\",\"@id\":\"https:\\\/\\\/sst-prevention.fr\\\/site\\\/#website\",\"url\":\"https:\\\/\\\/sst-prevention.fr\\\/site\\\/\",\"name\":\"\",\"description\":\"\",\"potentialAction\":[{\"@type\":\"SearchAction\",\"target\":{\"@type\":\"EntryPoint\",\"urlTemplate\":\"https:\\\/\\\/sst-prevention.fr\\\/site\\\/?s={search_term_string}\"},\"query-input\":{\"@type\":\"PropertyValueSpecification\",\"valueRequired\":true,\"valueName\":\"search_term_string\"}}],\"inLanguage\":\"fr-FR\"}]}<\/script>\n<!-- \/ Yoast SEO plugin. -->","yoast_head_json":{"title":"Maintien et actualisation des comp\u00e9tences MAC SST -","robots":{"index":"index","follow":"follow","max-snippet":"max-snippet:-1","max-image-preview":"max-image-preview:large","max-video-preview":"max-video-preview:-1"},"canonical":"https:\/\/sst-prevention.fr\/site\/entreprises\/maintien-et-actualisation-des-competences-mac-sst\/","og_locale":"fr_FR","og_type":"article","og_title":"Maintien et actualisation des comp\u00e9tences MAC SST -","og_description":"DEMARCHE DE PREVENTION FORMATION SST FORMATION MAINTIEN ET ACTUALISATION DES COMPETENCES MAC SST COLLABORATION AVEC LES ORGANISMES DE FORMATION EQUIPEMENTS LA PRISE DE PAROLE EN PUBLIC LA PREVENTION ET LA GESTION DE CONFLITS La formation MAC SST fait l\u2019objet d\u2019un Maintien et d\u2019une Actualisation des Comp\u00e9tences tous les 24 mois permettant de conserver la validit\u00e9 [&hellip;]","og_url":"https:\/\/sst-prevention.fr\/site\/entreprises\/maintien-et-actualisation-des-competences-mac-sst\/","article_modified_time":"2025-11-03T17:21:06+00:00","og_image":[{"width":748,"height":722,"url":"https:\/\/sst-prevention.fr\/site\/wp-content\/uploads\/2024\/08\/logo-MAC-SST.png","type":"image\/png"}],"twitter_card":"summary_large_image","twitter_misc":{"Dur\u00e9e de lecture estim\u00e9e":"5 minutes"},"schema":{"@context":"https:\/\/schema.org","@graph":[{"@type":"WebPage","@id":"https:\/\/sst-prevention.fr\/site\/entreprises\/maintien-et-actualisation-des-competences-mac-sst\/","url":"https:\/\/sst-prevention.fr\/site\/entreprises\/maintien-et-actualisation-des-competences-mac-sst\/","name":"Maintien et actualisation des comp\u00e9tences MAC SST -","isPartOf":{"@id":"https:\/\/sst-prevention.fr\/site\/#website"},"primaryImageOfPage":{"@id":"https:\/\/sst-prevention.fr\/site\/entreprises\/maintien-et-actualisation-des-competences-mac-sst\/#primaryimage"},"image":{"@id":"https:\/\/sst-prevention.fr\/site\/entreprises\/maintien-et-actualisation-des-competences-mac-sst\/#primaryimage"},"thumbnailUrl":"https:\/\/sst-prevention.fr\/site\/wp-content\/uploads\/2024\/08\/logo-MAC-SST-300x290.png","datePublished":"2023-05-21T18:00:23+00:00","dateModified":"2025-11-03T17:21:06+00:00","breadcrumb":{"@id":"https:\/\/sst-prevention.fr\/site\/entreprises\/maintien-et-actualisation-des-competences-mac-sst\/#breadcrumb"},"inLanguage":"fr-FR","potentialAction":[{"@type":"ReadAction","target":["https:\/\/sst-prevention.fr\/site\/entreprises\/maintien-et-actualisation-des-competences-mac-sst\/"]}]},{"@type":"ImageObject","inLanguage":"fr-FR","@id":"https:\/\/sst-prevention.fr\/site\/entreprises\/maintien-et-actualisation-des-competences-mac-sst\/#primaryimage","url":"https:\/\/sst-prevention.fr\/site\/wp-content\/uploads\/2024\/08\/logo-MAC-SST.png","contentUrl":"https:\/\/sst-prevention.fr\/site\/wp-content\/uploads\/2024\/08\/logo-MAC-SST.png","width":748,"height":722},{"@type":"BreadcrumbList","@id":"https:\/\/sst-prevention.fr\/site\/entreprises\/maintien-et-actualisation-des-competences-mac-sst\/#breadcrumb","itemListElement":[{"@type":"ListItem","position":1,"name":"Accueil","item":"https:\/\/sst-prevention.fr\/site\/"},{"@type":"ListItem","position":2,"name":"Entreprises","item":"https:\/\/sst-prevention.fr\/site\/entreprises\/"},{"@type":"ListItem","position":3,"name":"Maintien et actualisation des comp\u00e9tences MAC SST"}]},{"@type":"WebSite","@id":"https:\/\/sst-prevention.fr\/site\/#website","url":"https:\/\/sst-prevention.fr\/site\/","name":"","description":"","potentialAction":[{"@type":"SearchAction","target":{"@type":"EntryPoint","urlTemplate":"https:\/\/sst-prevention.fr\/site\/?s={search_term_string}"},"query-input":{"@type":"PropertyValueSpecification","valueRequired":true,"valueName":"search_term_string"}}],"inLanguage":"fr-FR"}]}},"_links":{"self":[{"href":"https:\/\/sst-prevention.fr\/site\/wp-json\/wp\/v2\/pages\/93","targetHints":{"allow":["GET"]}}],"collection":[{"href":"https:\/\/sst-prevention.fr\/site\/wp-json\/wp\/v2\/pages"}],"about":[{"href":"https:\/\/sst-prevention.fr\/site\/wp-json\/wp\/v2\/types\/page"}],"author":[{"embeddable":true,"href":"https:\/\/sst-prevention.fr\/site\/wp-json\/wp\/v2\/users\/1"}],"replies":[{"embeddable":true,"href":"https:\/\/sst-prevention.fr\/site\/wp-json\/wp\/v2\/comments?post=93"}],"version-history":[{"count":13,"href":"https:\/\/sst-prevention.fr\/site\/wp-json\/wp\/v2\/pages\/93\/revisions"}],"predecessor-version":[{"id":937,"href":"https:\/\/sst-prevention.fr\/site\/wp-json\/wp\/v2\/pages\/93\/revisions\/937"}],"up":[{"embeddable":true,"href":"https:\/\/sst-prevention.fr\/site\/wp-json\/wp\/v2\/pages\/66"}],"wp:attachment":[{"href":"https:\/\/sst-prevention.fr\/site\/wp-json\/wp\/v2\/media?parent=93"}],"curies":[{"name":"wp","href":"https:\/\/api.w.org\/{rel}","templated":true}]}}