{"id":83,"date":"2023-05-21T19:54:21","date_gmt":"2023-05-21T17:54:21","guid":{"rendered":"https:\/\/sst-prevention.fr\/site\/?page_id=83"},"modified":"2025-11-03T18:11:21","modified_gmt":"2025-11-03T17:11:21","slug":"sensibilisation-au-secourisme","status":"publish","type":"page","link":"https:\/\/sst-prevention.fr\/site\/particuliers\/sensibilisation-au-secourisme\/","title":{"rendered":"Sensibilisation au secourisme"},"content":{"rendered":"\n<div class=\"wp-block-cover has-parallax\"><div class=\"wp-block-cover__image-background wp-image-923 size-large has-parallax\" style=\"background-position:50% 50%;background-image:url(https:\/\/sst-prevention.fr\/site\/wp-content\/uploads\/2025\/11\/P1-Particuliers-secourime-1024x576.jpg)\"><\/div><span aria-hidden=\"true\" class=\"wp-block-cover__background has-background-dim-0 has-background-dim\" style=\"background-color:#71796f\"><\/span><div class=\"wp-block-cover__inner-container is-layout-constrained wp-block-cover-is-layout-constrained\">\n<p class=\"has-text-align-center has-large-font-size\"><\/p>\n<\/div><\/div>\n\n\n\n<div class=\"wp-block-group alignfull has-background is-vertical is-content-justification-stretch is-layout-flex wp-container-core-group-is-layout-2d985f2e wp-block-group-is-layout-flex\" style=\"background-color:#ffffff00;padding-top:2%;padding-right:5%;padding-bottom:2%;padding-left:5%\">\n<p class=\"has-custom-couleur-1-color has-text-color has-link-color wp-elements-abba7f65695cbb34e570006a50e046d4\"><a href=\"https:\/\/sst-prevention.fr\/site\/particuliers\/sensibilisation-au-secourisme\/\"><strong>SENSIBILISATION AU SECOURISME<\/strong><\/a><\/p>\n\n\n\n<p class=\"has-custom-couleur-1-color has-text-color has-link-color has-base-font-size wp-elements-92ac138140c4381712d8c4f659fd9479\"><a href=\"https:\/\/sst-prevention.fr\/site\/particuliers\/prevention-risques-au-quotidien\/\"><strong>REDUCTION DES RISQUES AU QUOTIDIEN<\/strong><\/a><\/p>\n\n\n\n<p class=\"has-custom-couleur-1-color has-text-color has-link-color wp-elements-9871a35060c3385291c4343b4929a585\"><strong><a href=\"https:\/\/sst-prevention.fr\/site\/particuliers\/la-prise-de-parole-en-public\/\">LA PRISE DE PAROLE EN PUBLIC<\/a><\/strong><\/p>\n\n\n\n<p class=\"has-custom-couleur-1-color has-text-color has-link-color wp-elements-c638dd956064bb86de556b302fbdb20a\"><a href=\"https:\/\/sst-prevention.fr\/site\/particuliers\/communication-bienveillante\/\"><strong>LA PREVENTION ET LA GESTION DE CONFLITS<\/strong><\/a><\/p>\n\n\n\n<p class=\"has-custom-couleur-1-color has-text-color has-link-color has-base-font-size wp-elements-9b71393eb2c8f06986964aa9958874df\"><strong><a href=\"https:\/\/sst-prevention.fr\/site\/particuliers\/equipements\/\">EQUIPEMENTS<\/a><\/strong><\/p>\n\n\n\n<p><\/p>\n\n\n\n<p>Face \u00e0 une situation d\u2019urgence vitale. Comment devrons nous r\u00e9agir ?<\/p>\n\n\n\n<p>Comment prot\u00e9ger, alerter&nbsp;? Quels gestes pratiquer en attendant l\u2019arriv\u00e9e des secours ?<\/p>\n\n\n\n<p>La connaissance et la pratique, m\u00eame courte, des gestes de premiers secours peuvent r\u00e9duire le stress, voire supprimer la panique malgr\u00e9 l\u2019adr\u00e9naline&#8230;<\/p>\n\n\n\n<p class=\"has-text-color has-link-color wp-elements-c5bb1184f84c361b30cfa206ff5818c7\" style=\"color:#ffc800\"><strong>Une formation courte sur mesure<\/strong><\/p>\n\n\n\n<p>Je propose d\u2019intervenir, avec mon \u00e9quipement, sur votre lieu de travail ou \u00e0 votre domicile, lors d\u2019une apr\u00e8s-midi ou une soir\u00e9e en famille, entre amis\u2026 et ce dans la bonne humeur !<\/p>\n\n\n\n<p>Nous pouvons partager un moment convivial malgr\u00e9 l&rsquo;urgence du th\u00e8me.<\/p>\n\n\n\n<p>Suivant le temps que vous avez envie de consacrer, voici 2 formats propos\u00e9s :<\/p>\n\n\n\n<p class=\"has-text-color has-link-color has-medium-font-size wp-elements-e23d15e2cbf35af63e063dbdbe59ac19\" style=\"color:#4dad32\"><strong>La formation d&rsquo;une dur\u00e9e de 2h30<\/strong><\/p>\n\n\n\n<p class=\"has-text-color has-link-color wp-elements-1405be6ec36a38f5416bd74960af1303\" style=\"color:#ffc800\"><strong>18 eur\/personne<\/strong><\/p>\n\n\n\n<ul class=\"wp-block-list\">\n<li>La protection, la s\u00e9curisation des lieux et des personnes, le d\u00e9gagement d&rsquo;urgence<\/li>\n\n\n\n<li>L&rsquo;appr\u00e9ciation de l\u2019\u00e9tat de la victime<\/li>\n\n\n\n<li>L&rsquo;alerte et la transmission des bonnes informations aux secours<\/li>\n\n\n\n<li>La lutte contre les h\u00e9morragies externes<\/li>\n\n\n\n<li>La mise en position d&rsquo;attente: plaies graves au thorax et \u00e0 l&rsquo;abdomen, position lat\u00e9rale de s\u00e9curit\u00e9<\/li>\n\n\n\n<li>La prise en charge d&rsquo;un arr\u00eat cardio-respiratoire: alerte, demande de DAE, r\u00e9animation cardio-pulmonaire avec l&rsquo;utilisation d&rsquo;un d\u00e9fibrillateur.<\/li>\n<\/ul>\n\n\n\n<p class=\"has-text-color has-link-color has-medium-font-size wp-elements-bfede0ffc05a2a45545e4c9d516ceae1\" style=\"color:#4dad32\"><strong>Formation d&rsquo;une dur\u00e9e de 3h30<\/strong><\/p>\n\n\n\n<p class=\"has-text-color has-link-color wp-elements-103c4d73dbf70c29df4693bed0648ed0\" style=\"color:#ffc800\"><strong>24 eur\/personne<\/strong><\/p>\n\n\n\n<p>En option pour aller plus loin, nous pourrons nous exercer avec des mises en situation et nous aborderons les cas suivants :<\/p>\n\n\n\n<ul class=\"wp-block-list\">\n<li>L&rsquo;\u00e9touffement<\/li>\n\n\n\n<li>Le malaise<\/li>\n\n\n\n<li>Le traumatisme<\/li>\n\n\n\n<li>La plaie<\/li>\n\n\n\n<li>La br\u00fblure<\/li>\n\n\n\n<li>La mise en situation<\/li>\n<\/ul>\n\n\n\n<p class=\"has-text-color has-link-color has-medium-font-size wp-elements-1cd3b5c0adf8d69036e4222acfa867bb\" style=\"color:#4dad32\"><strong>La formation rassemble un groupe de 4 \u00e0 10 personnes (\u00e0 partir de 10 ans)<\/strong><\/p>\n\n\n\n<p>Des frais kilom\u00e9triques (coefficient de 0,35) s\u2019appliquent en fonction du lieu de formation (suivant Mappy), au d\u00e9part de Saint-Maur des Foss\u00e9s (94)<\/p>\n\n\n\n<p class=\"has-text-color has-link-color wp-elements-f90819ce91b233320217e781d7eed442\" style=\"color:#ffc800\"><strong>Nous disposons de tout le mat\u00e9riel n\u00e9cessaire pour les formations&nbsp;:<\/strong><\/p>\n\n\n\n<ul class=\"wp-block-list\">\n<li>2 mannequins adultes<\/li>\n\n\n\n<li>1 mannequin enfant<\/li>\n\n\n\n<li>1 mannequin nourrisson<\/li>\n\n\n\n<li>1 d\u00e9fibrillateur semi-automatique<\/li>\n\n\n\n<li>Un kit pour la pratique des saignements abondants (pansements compressifs, garrots\u2026)<\/li>\n\n\n\n<li>Des objets de simulations pour les mises en situation pratiques<\/li>\n\n\n\n<li>un vid\u00e9o-projecteur<\/li>\n\n\n\n<li>un tableau paper-board<\/li>\n\n\n\n<li>des supports de formations (powerpoint, photo-langage, m\u00e9mos\u2026)<\/li>\n<\/ul>\n\n\n\n<p><\/p>\n\n\n\n<p><\/p>\n\n\n\n<p class=\"has-text-align-center has-custom-couleur-1-color has-text-color has-link-color has-medium-font-size wp-elements-26268749db267faecc6ec11ca9356ffe\"><strong><a data-type=\"page\" data-id=\"74\" href=\"https:\/\/sst-prevention.fr\/site\/contact\/\">DEMANDER UN DEVIS<\/a><\/strong><\/p>\n\n\n\n<div class=\"wp-block-group is-content-justification-center is-nowrap is-layout-flex wp-container-core-group-is-layout-23441af8 wp-block-group-is-layout-flex\"><div class=\"wp-block-template-part\"><\/div><\/div>\n<\/div>\n","protected":false},"excerpt":{"rendered":"<p>SENSIBILISATION AU SECOURISME REDUCTION DES RISQUES AU QUOTIDIEN LA PRISE DE PAROLE EN PUBLIC LA PREVENTION ET LA GESTION DE CONFLITS EQUIPEMENTS Face \u00e0 une situation d\u2019urgence vitale. Comment devrons nous r\u00e9agir ? Comment prot\u00e9ger, alerter&nbsp;? Quels gestes pratiquer en attendant l\u2019arriv\u00e9e des secours ? La connaissance et la pratique, m\u00eame courte, des gestes de [&hellip;]<\/p>\n","protected":false},"author":1,"featured_media":0,"parent":68,"menu_order":1,"comment_status":"closed","ping_status":"closed","template":"","meta":{"ngg_post_thumbnail":0,"_glsr_average":0,"_glsr_ranking":0,"_glsr_reviews":0,"footnotes":""},"class_list":["post-83","page","type-page","status-publish","hentry"],"yoast_head":"<!-- This site is optimized with the Yoast SEO plugin v27.4 - https:\/\/yoast.com\/product\/yoast-seo-wordpress\/ -->\n<title>Sensibilisation au secourisme -<\/title>\n<meta name=\"robots\" content=\"index, follow, max-snippet:-1, max-image-preview:large, max-video-preview:-1\" \/>\n<link rel=\"canonical\" href=\"https:\/\/sst-prevention.fr\/site\/particuliers\/sensibilisation-au-secourisme\/\" \/>\n<meta property=\"og:locale\" content=\"fr_FR\" \/>\n<meta property=\"og:type\" content=\"article\" \/>\n<meta property=\"og:title\" content=\"Sensibilisation au secourisme -\" \/>\n<meta property=\"og:description\" content=\"SENSIBILISATION AU SECOURISME REDUCTION DES RISQUES AU QUOTIDIEN LA PRISE DE PAROLE EN PUBLIC LA PREVENTION ET LA GESTION DE CONFLITS EQUIPEMENTS Face \u00e0 une situation d\u2019urgence vitale. Comment devrons nous r\u00e9agir ? Comment prot\u00e9ger, alerter&nbsp;? Quels gestes pratiquer en attendant l\u2019arriv\u00e9e des secours ? La connaissance et la pratique, m\u00eame courte, des gestes de [&hellip;]\" \/>\n<meta property=\"og:url\" content=\"https:\/\/sst-prevention.fr\/site\/particuliers\/sensibilisation-au-secourisme\/\" \/>\n<meta property=\"article:modified_time\" content=\"2025-11-03T17:11:21+00:00\" \/>\n<meta name=\"twitter:card\" content=\"summary_large_image\" \/>\n<meta name=\"twitter:label1\" content=\"Dur\u00e9e de lecture estim\u00e9e\" \/>\n\t<meta name=\"twitter:data1\" content=\"2 minutes\" \/>\n<script type=\"application\/ld+json\" class=\"yoast-schema-graph\">{\"@context\":\"https:\\\/\\\/schema.org\",\"@graph\":[{\"@type\":\"WebPage\",\"@id\":\"https:\\\/\\\/sst-prevention.fr\\\/site\\\/particuliers\\\/sensibilisation-au-secourisme\\\/\",\"url\":\"https:\\\/\\\/sst-prevention.fr\\\/site\\\/particuliers\\\/sensibilisation-au-secourisme\\\/\",\"name\":\"Sensibilisation au secourisme -\",\"isPartOf\":{\"@id\":\"https:\\\/\\\/sst-prevention.fr\\\/site\\\/#website\"},\"datePublished\":\"2023-05-21T17:54:21+00:00\",\"dateModified\":\"2025-11-03T17:11:21+00:00\",\"breadcrumb\":{\"@id\":\"https:\\\/\\\/sst-prevention.fr\\\/site\\\/particuliers\\\/sensibilisation-au-secourisme\\\/#breadcrumb\"},\"inLanguage\":\"fr-FR\",\"potentialAction\":[{\"@type\":\"ReadAction\",\"target\":[\"https:\\\/\\\/sst-prevention.fr\\\/site\\\/particuliers\\\/sensibilisation-au-secourisme\\\/\"]}]},{\"@type\":\"BreadcrumbList\",\"@id\":\"https:\\\/\\\/sst-prevention.fr\\\/site\\\/particuliers\\\/sensibilisation-au-secourisme\\\/#breadcrumb\",\"itemListElement\":[{\"@type\":\"ListItem\",\"position\":1,\"name\":\"Accueil\",\"item\":\"https:\\\/\\\/sst-prevention.fr\\\/site\\\/\"},{\"@type\":\"ListItem\",\"position\":2,\"name\":\"Particuliers\",\"item\":\"https:\\\/\\\/sst-prevention.fr\\\/site\\\/particuliers\\\/\"},{\"@type\":\"ListItem\",\"position\":3,\"name\":\"Sensibilisation au secourisme\"}]},{\"@type\":\"WebSite\",\"@id\":\"https:\\\/\\\/sst-prevention.fr\\\/site\\\/#website\",\"url\":\"https:\\\/\\\/sst-prevention.fr\\\/site\\\/\",\"name\":\"\",\"description\":\"\",\"potentialAction\":[{\"@type\":\"SearchAction\",\"target\":{\"@type\":\"EntryPoint\",\"urlTemplate\":\"https:\\\/\\\/sst-prevention.fr\\\/site\\\/?s={search_term_string}\"},\"query-input\":{\"@type\":\"PropertyValueSpecification\",\"valueRequired\":true,\"valueName\":\"search_term_string\"}}],\"inLanguage\":\"fr-FR\"}]}<\/script>\n<!-- \/ Yoast SEO plugin. -->","yoast_head_json":{"title":"Sensibilisation au secourisme -","robots":{"index":"index","follow":"follow","max-snippet":"max-snippet:-1","max-image-preview":"max-image-preview:large","max-video-preview":"max-video-preview:-1"},"canonical":"https:\/\/sst-prevention.fr\/site\/particuliers\/sensibilisation-au-secourisme\/","og_locale":"fr_FR","og_type":"article","og_title":"Sensibilisation au secourisme -","og_description":"SENSIBILISATION AU SECOURISME REDUCTION DES RISQUES AU QUOTIDIEN LA PRISE DE PAROLE EN PUBLIC LA PREVENTION ET LA GESTION DE CONFLITS EQUIPEMENTS Face \u00e0 une situation d\u2019urgence vitale. Comment devrons nous r\u00e9agir ? Comment prot\u00e9ger, alerter&nbsp;? Quels gestes pratiquer en attendant l\u2019arriv\u00e9e des secours ? La connaissance et la pratique, m\u00eame courte, des gestes de [&hellip;]","og_url":"https:\/\/sst-prevention.fr\/site\/particuliers\/sensibilisation-au-secourisme\/","article_modified_time":"2025-11-03T17:11:21+00:00","twitter_card":"summary_large_image","twitter_misc":{"Dur\u00e9e de lecture estim\u00e9e":"2 minutes"},"schema":{"@context":"https:\/\/schema.org","@graph":[{"@type":"WebPage","@id":"https:\/\/sst-prevention.fr\/site\/particuliers\/sensibilisation-au-secourisme\/","url":"https:\/\/sst-prevention.fr\/site\/particuliers\/sensibilisation-au-secourisme\/","name":"Sensibilisation au secourisme -","isPartOf":{"@id":"https:\/\/sst-prevention.fr\/site\/#website"},"datePublished":"2023-05-21T17:54:21+00:00","dateModified":"2025-11-03T17:11:21+00:00","breadcrumb":{"@id":"https:\/\/sst-prevention.fr\/site\/particuliers\/sensibilisation-au-secourisme\/#breadcrumb"},"inLanguage":"fr-FR","potentialAction":[{"@type":"ReadAction","target":["https:\/\/sst-prevention.fr\/site\/particuliers\/sensibilisation-au-secourisme\/"]}]},{"@type":"BreadcrumbList","@id":"https:\/\/sst-prevention.fr\/site\/particuliers\/sensibilisation-au-secourisme\/#breadcrumb","itemListElement":[{"@type":"ListItem","position":1,"name":"Accueil","item":"https:\/\/sst-prevention.fr\/site\/"},{"@type":"ListItem","position":2,"name":"Particuliers","item":"https:\/\/sst-prevention.fr\/site\/particuliers\/"},{"@type":"ListItem","position":3,"name":"Sensibilisation au secourisme"}]},{"@type":"WebSite","@id":"https:\/\/sst-prevention.fr\/site\/#website","url":"https:\/\/sst-prevention.fr\/site\/","name":"","description":"","potentialAction":[{"@type":"SearchAction","target":{"@type":"EntryPoint","urlTemplate":"https:\/\/sst-prevention.fr\/site\/?s={search_term_string}"},"query-input":{"@type":"PropertyValueSpecification","valueRequired":true,"valueName":"search_term_string"}}],"inLanguage":"fr-FR"}]}},"_links":{"self":[{"href":"https:\/\/sst-prevention.fr\/site\/wp-json\/wp\/v2\/pages\/83","targetHints":{"allow":["GET"]}}],"collection":[{"href":"https:\/\/sst-prevention.fr\/site\/wp-json\/wp\/v2\/pages"}],"about":[{"href":"https:\/\/sst-prevention.fr\/site\/wp-json\/wp\/v2\/types\/page"}],"author":[{"embeddable":true,"href":"https:\/\/sst-prevention.fr\/site\/wp-json\/wp\/v2\/users\/1"}],"replies":[{"embeddable":true,"href":"https:\/\/sst-prevention.fr\/site\/wp-json\/wp\/v2\/comments?post=83"}],"version-history":[{"count":17,"href":"https:\/\/sst-prevention.fr\/site\/wp-json\/wp\/v2\/pages\/83\/revisions"}],"predecessor-version":[{"id":924,"href":"https:\/\/sst-prevention.fr\/site\/wp-json\/wp\/v2\/pages\/83\/revisions\/924"}],"up":[{"embeddable":true,"href":"https:\/\/sst-prevention.fr\/site\/wp-json\/wp\/v2\/pages\/68"}],"wp:attachment":[{"href":"https:\/\/sst-prevention.fr\/site\/wp-json\/wp\/v2\/media?parent=83"}],"curies":[{"name":"wp","href":"https:\/\/api.w.org\/{rel}","templated":true}]}}