{"id":493,"date":"2024-06-15T21:38:16","date_gmt":"2024-06-15T19:38:16","guid":{"rendered":"https:\/\/sst-prevention.fr\/site\/?page_id=493"},"modified":"2025-04-18T19:36:46","modified_gmt":"2025-04-18T17:36:46","slug":"la-prise-de-parole-en-public","status":"publish","type":"page","link":"https:\/\/sst-prevention.fr\/site\/particuliers\/la-prise-de-parole-en-public\/","title":{"rendered":"La prise de parole en public"},"content":{"rendered":"\n<div class=\"wp-block-group alignfull has-background is-vertical is-content-justification-stretch is-layout-flex wp-container-core-group-is-layout-2d985f2e wp-block-group-is-layout-flex\" style=\"background-color:#ffffff00;padding-top:2%;padding-right:5%;padding-bottom:2%;padding-left:5%\">\n<p><\/p>\n\n\n\n<p class=\"has-custom-couleur-1-color has-text-color has-link-color wp-elements-abba7f65695cbb34e570006a50e046d4\"><a href=\"https:\/\/sst-prevention.fr\/site\/particuliers\/sensibilisation-au-secourisme\/\"><strong>SENSIBILISATION AU SECOURISME<\/strong><\/a><\/p>\n\n\n\n<p class=\"has-custom-couleur-1-color has-text-color has-link-color has-base-font-size wp-elements-92ac138140c4381712d8c4f659fd9479\"><a href=\"https:\/\/sst-prevention.fr\/site\/particuliers\/prevention-risques-au-quotidien\/\"><strong>REDUCTION DES RISQUES AU QUOTIDIEN<\/strong><\/a><\/p>\n\n\n\n<p class=\"has-custom-couleur-1-color has-text-color has-link-color wp-elements-9871a35060c3385291c4343b4929a585\"><strong><a href=\"https:\/\/sst-prevention.fr\/site\/particuliers\/la-prise-de-parole-en-public\/\">LA PRISE DE PAROLE EN PUBLIC<\/a><\/strong><\/p>\n\n\n\n<p class=\"has-custom-couleur-1-color has-text-color has-link-color wp-elements-c638dd956064bb86de556b302fbdb20a\"><a href=\"https:\/\/sst-prevention.fr\/site\/particuliers\/communication-bienveillante\/\"><strong>LA PREVENTION ET LA GESTION DE CONFLITS<\/strong><\/a><\/p>\n\n\n\n<p class=\"has-custom-couleur-1-color has-text-color has-link-color wp-elements-991336664d1f615139a2ffbbfe8eafe0\"><strong><a href=\"https:\/\/sst-prevention.fr\/site\/particuliers\/equipements\/\">EQUIPEMENTS<\/a><\/strong><\/p>\n\n\n\n<p><\/p>\n\n\n\n<p class=\"has-text-color has-link-color wp-elements-e0a9c76142668a0ed72d16face410550\" style=\"color:#4dad32\"><strong>&nbsp;LA PRISE DE PAROLE EN PUBLIC<\/strong><\/p>\n\n\n\n<p><a><strong>Les clefs de l\u2019expression orale 1<\/strong><\/a><\/p>\n\n\n\n<p>(Participation, expos\u00e9 et\/ou men\u00e9e de r\u00e9union)<\/p>\n\n\n\n<p><em>\u00ab&nbsp;Nous n\u2019avons pas 2 fois la chance de donner une premi\u00e8re impression<\/em><\/p>\n\n\n\n<p><em>mais nous avons 100 fois la chance de donner bonne impression&nbsp;\u00bb<\/em><em><\/em><\/p>\n\n\n\n<p>Nouvellement encadrant ayant pour missions de faire des expos\u00e9s, des men\u00e9es de r\u00e9union ou des s\u00e9quences de formation, collaborateurs ayant des difficult\u00e9s \u00e0 s\u2019exprimer en r\u00e9union, les salari\u00e9s ne sont pas toujours form\u00e9s dans leur \u00e9tablissement \u00e0 prendre la parole en public.<\/p>\n\n\n\n<p>Le personnel ayant cette difficult\u00e9 a par cons\u00e9quent une tendance \u00e0 renoncer aux opportunit\u00e9s de prendre le leader-ship, voire m\u00eame de prendre une place dans un groupe.<\/p>\n\n\n\n<p>Le collaborateur ayant peur d\u2019\u00eatre jug\u00e9 aura une tendance \u00e0 s\u2019effacer en r\u00e9union, renon\u00e7ant \u00e0 ses besoins d\u2019exprimer ses id\u00e9es et ressentis, par extension \u00e0 ses besoins de reconnaissance. La frustration de ne pas \u00eatre entendu peut tr\u00e8s vite se faire ressentir et s\u2019inscrire dans le temps\u2026 &nbsp;mais encore faut-il parler, \u00eatre vu, entendu et compris&nbsp;!<\/p>\n\n\n\n<p>Cette formation vise \u00e0 vaincre ses blocages, sa timidit\u00e9, son trac, sa crainte d\u2019\u00eatre jug\u00e9 afin de communiquer avec aisance.<\/p>\n\n\n\n<p>Comprendre les m\u00e9canismes de base de la communication, l\u2019importance de s\u2019adapter au public et \u00e0 l\u2019environnement, savoir structurer ses id\u00e9es et s\u00e9quencer ses arguments permet une bonne pr\u00e9paration th\u00e9orique d\u2019une intervention orale, la ma\u00eetrise de son sujet.<\/p>\n\n\n\n<p>La pratique se pr\u00e9pare aussi en s\u2019exer\u00e7ant \u00e0 travailler sa voix et sa posture renfor\u00e7ant l\u2019impact des messages \u00e9mis.<\/p>\n\n\n\n<p>Les clefs de l\u2019expression orale pr\u00e9sent\u00e9es lors de cette formation reposent sur \u00ab&nbsp;La r\u00e8gle des 3 V&nbsp;\u00bb d\u2019Albert Mehradian&nbsp; (le verbal, le non verbal et le para-verbal)<\/p>\n\n\n\n<p>Des notions de la communication non-violente et assertive permettront de communiquer avec pr\u00e9caution afin pr\u00e9venir les conflits.<\/p>\n\n\n\n<p>Enfin, des outils de men\u00e9es de r\u00e9union permettront de susciter l\u2019int\u00e9r\u00eat et la participation de toutes les personnes pr\u00e9sentes, m\u00eame les plus timides&nbsp;!<a><\/a><\/p>\n\n\n\n<p class=\"has-text-color has-link-color wp-elements-bc4efc2dd0e0c5dff64b5698638774b2\" style=\"color:#4dad32\"><strong>PUBLIC&nbsp;:<\/strong><\/p>\n\n\n\n<p>Cette formation est adapt\u00e9e suivant les besoins et attentes des stagiaires.<\/p>\n\n\n\n<p>Aucun pr\u00e9-requis<\/p>\n\n\n\n<p class=\"has-text-color has-link-color wp-elements-cac21dff0fdcec1a0cb5090c4113361a\" style=\"color:#4dad32\"><strong>DUREE :<\/strong><\/p>\n\n\n\n<p>7heures en pr\u00e9sentiel pour tout le programme d\u00e9fini ci-dessous<\/p>\n\n\n\n<p>4 heures en pr\u00e9sentiel (La pr\u00e9paration th\u00e9orique et pratique d\u2019une prise de parole, \u00ab&nbsp;la r\u00e8gle des 3V&nbsp;\u00bb)<\/p>\n\n\n\n<p class=\"has-text-color has-link-color wp-elements-e24561db8aef18614b2d8ed3f6be68dd\" style=\"color:#4dad32\"><strong>NOMBRE DE PARTICIPANTS&nbsp;:<\/strong><\/p>\n\n\n\n<p>4 \u00e0 10 stagiaires<\/p>\n\n\n\n<p>Accessibilit\u00e9 aux personnes en situation de handicap visible ou invisible :<strong>&nbsp;<\/strong>Chaque situation est \u00e9tudi\u00e9e au cas par cas afin de mettre en place les dispositions n\u00e9cessaires pour permettre une int\u00e9gration adapt\u00e9e. Merci de nous contacter pour nous signaler toute situation n\u00e9cessitant des besoins sp\u00e9cifiques d\u00e8s l\u2019inscription.<\/p>\n\n\n\n<p>Une attestation de formation sera remise en fin de formation<\/p>\n\n\n\n<p class=\"has-text-color has-link-color wp-elements-0a7b4f2021b4480290dcc9c0eba9cdfb\" style=\"color:#4dad32\"><strong>LES OBJECTIFS DE LA FORMATION&nbsp;:<\/strong><\/p>\n\n\n\n<ul class=\"wp-block-list\">\n<li>S\u2019adapter au contexte, am\u00e9nager son espace<\/li>\n\n\n\n<li>Comprendre les sch\u00e9mas de communication<\/li>\n\n\n\n<li>Prendre la parole avec aisance devant un auditoire<\/li>\n<\/ul>\n\n\n\n<ul class=\"wp-block-list\">\n<li>Oser s\u2019exprimer dans un groupe et gagner de l\u2019assurance<\/li>\n\n\n\n<li>D\u00e9velopper sa voix et travailler sa posture pour renforcer l\u2019impact<\/li>\n\n\n\n<li>Susciter l\u2019int\u00e9r\u00eat et la participation et embarquer son auditoire<\/li>\n\n\n\n<li>Avoir des m\u00e9thodes de communication assertive<\/li>\n<\/ul>\n\n\n\n<p class=\"has-text-color has-link-color wp-elements-f667319bef9acab47493ab380d862ed9\" style=\"color:#4dad32\"><strong>LE PROGRAMME DE LA FORMATION&nbsp;:<br><br><\/strong><\/p>\n\n\n\n<p class=\"has-text-color has-link-color wp-elements-b0ca84acdfdc8293dd93c9678830ab5b\" style=\"color:#ffc800\"><strong>La nature de l\u2019intervention, les contextes :<\/strong><\/p>\n\n\n\n<p class=\"has-text-color has-link-color wp-elements-dcd23ebd579beca64566ce833ddcbadf\" style=\"color:#ff0000\">Le choix des modes de prises de paroles selon les objectifs&nbsp;:<\/p>\n\n\n\n<ul class=\"wp-block-list\">\n<li>Expos\u00e9 directif, d\u00e9monstratif<\/li>\n\n\n\n<li>Participatif, heuristique, applicatif<\/li>\n\n\n\n<li>Ascendant-Descendant-ascendant<\/li>\n<\/ul>\n\n\n\n<p class=\"has-text-color has-link-color wp-elements-dea613ab25d3d56596ad19cec4f9087b\" style=\"color:#ff0000\">Les choix ou l\u2019adaptation au contexte :<\/p>\n\n\n\n<ul class=\"wp-block-list\">\n<li>L\u2019atmosph\u00e8re, le contexte<\/li>\n\n\n\n<li>Le public, les personnes pr\u00e9sentes<\/li>\n\n\n\n<li>Date, heure, lieu, environnement<\/li>\n\n\n\n<li>La pyramide de Maslow<\/li>\n\n\n\n<li>Les \u00e9motions primaires inn\u00e9s (La joie, la col\u00e8re, la tristesse, la peur, le d\u00e9go\u00fbt, la surprise)<\/li>\n\n\n\n<li>Les besoins en contexte professionnel<\/li>\n\n\n\n<li>La \u00ab&nbsp;m\u00e9t\u00e9o&nbsp;\u00bb du jour&nbsp;<\/li>\n<\/ul>\n\n\n\n<p class=\"has-text-color has-link-color wp-elements-1a6ea38b09727710713c707bb718170b\" style=\"color:#ff0000\">Les m\u00e9canismes de la communication&nbsp;:<\/p>\n\n\n\n<ul class=\"wp-block-list\">\n<li>Le sch\u00e9ma \u00e9metteur-r\u00e9cepteur<\/li>\n\n\n\n<li>La m\u00e9ta-communication (Omissions, impr\u00e9cisions, g\u00e9n\u00e9ralisations, distorsion)<\/li>\n\n\n\n<li>Les parasites emp\u00eachant une bonne communication<\/li>\n\n\n\n<li>Comprendre le cadre de r\u00e9f\u00e9rence<\/li>\n\n\n\n<li>La dimension relationnelle<\/li>\n\n\n\n<li>Les filtres psychologiques<\/li>\n\n\n\n<li>La \u00ab&nbsp;m\u00e9t\u00e9o&nbsp;\u00bb du jour<\/li>\n<\/ul>\n\n\n\n<p class=\"has-text-color has-link-color wp-elements-9381d09f5aef8945235acb9d852013aa\" style=\"color:#ffc800\"><strong>L\u2019estime de soi&nbsp;: Prendre confiance en soi, g\u00e9rer le stress, vaincre le TRAC&nbsp;:<\/strong><\/p>\n\n\n\n<p class=\"has-text-color has-link-color wp-elements-224a77c40e09329f9b102128fa86fa7b\" style=\"color:#ff0000\">L\u2019approche mentale \/ la pens\u00e9e positive<\/p>\n\n\n\n<ul class=\"wp-block-list\">\n<li>L\u2019utilisation du moi-adulte<\/li>\n\n\n\n<li>L\u2019analyse transactionnelle<\/li>\n<\/ul>\n\n\n\n<p class=\"has-text-color has-link-color wp-elements-efad35eca34e61b6495a666b11c99f5b\" style=\"color:#ff0000\">La pr\u00e9paration th\u00e9orique d\u2019une prise de parole&nbsp;: &nbsp;La m\u00e9thode Laswell&nbsp;:<\/p>\n\n\n\n<ul class=\"wp-block-list\">\n<li>Ma\u00eetriser son sujet, structurer ses id\u00e9es, s\u00e9quencer ses arguments, atteindre ses objectifs<\/li>\n\n\n\n<li>Anticiper l\u2019adaptation au public<\/li>\n<\/ul>\n\n\n\n<p class=\"has-text-color has-link-color wp-elements-08b815d40181067716c9c01bdbade9a1\" style=\"color:#ff0000\">La pr\u00e9paration pratique&nbsp;d\u2019une prise de parole&nbsp;:<\/p>\n\n\n\n<ul class=\"wp-block-list\">\n<li>La respiration, la m\u00e9ditation selon Christophe Andr\u00e9<\/li>\n\n\n\n<li>\u00ab&nbsp;La r\u00e8gle des 3 V&nbsp;\u00bb d\u2019Albert Mehradian&nbsp;:<\/li>\n<\/ul>\n\n\n\n<p class=\"has-text-color has-link-color wp-elements-0a524b00a03acb34e2b11a3c120da159\" style=\"color:#ff0000\">Le r\u00f4le de la communication verbale, non-verbale, para-verbale (Savoir se tenir, se d\u00e9placer dans l\u2019espace, avoir une gestuelle ouverte, respirer, chauffer et placer sa voix, articuler, travailler le volume, l\u2019intonation, le rythme))&nbsp;<\/p>\n\n\n\n<ul class=\"wp-block-list\">\n<li>Le r\u00f4le de la communication auditive, visuelle, \u00e9crite (paper-board, sh\u00e9mas, images\u2026), applicative<\/li>\n<\/ul>\n\n\n\n<p class=\"has-text-color has-link-color wp-elements-9124b5d8874df44593cbb18c243f32d2\" style=\"color:#ff0000\">Les notions de m\u00e9thodes de communication&nbsp;:<\/p>\n\n\n\n<ul class=\"wp-block-list\">\n<li>La M\u00e9thode Rosenberg&nbsp;: La communication non-violente<\/li>\n\n\n\n<li>La m\u00e9thode DESC par Sharon Antony et Gordon.H (\u00ab&nbsp;Asserting yourself&nbsp;\u00bb)&nbsp;: La communication assertive<\/li>\n<\/ul>\n\n\n\n<p class=\"has-text-color has-link-color wp-elements-eb0e1f9fbff832dee70069fdd4e17e7e\" style=\"color:#ffc800\"><strong>Des outils pour susciter la participation pour&nbsp;:<\/strong><\/p>\n\n\n\n<ul class=\"wp-block-list\">\n<li>Les pr\u00e9sentations des personnes<\/li>\n\n\n\n<li>Les positionnements&nbsp;: \u00ab&nbsp;Le d\u00e9bat mouvant..&nbsp;\u00bb<\/li>\n\n\n\n<li>L\u2019\u00e9tat des lieux et la recherche de solutions : \u00ab&nbsp;Le d\u00e9bat collectif\u2026&nbsp;\u00bb<\/li>\n\n\n\n<li>La recherche de consensus d\u2019un grand groupe&nbsp;: \u00ab&nbsp;Le d\u00e9bat p\u00e9tale\u2026&nbsp;\u00bb<\/li>\n\n\n\n<li>Les ressentis&nbsp;: \u00ab&nbsp;Les post-its \u00ab&nbsp;, \u00ab&nbsp;la m\u00e9t\u00e9o du jour&nbsp;\u00bb, \u00ab&nbsp;l\u2019anonyme\u2026&nbsp;\u00bb<\/li>\n<\/ul>\n\n\n\n<p class=\"has-text-color has-link-color wp-elements-f627f899bc8647dee7913fcd8d96c33f\" style=\"color:#ffc800\">\u2026<strong>Exercices th\u00e9oriques et mises en situations pratiques tout au long de la formation<\/strong>.<\/p>\n\n\n\n<p><\/p>\n\n\n\n<p class=\"has-text-align-center has-custom-couleur-1-color has-text-color has-link-color has-medium-font-size wp-elements-26268749db267faecc6ec11ca9356ffe\"><strong><a data-type=\"page\" data-id=\"74\" href=\"https:\/\/sst-prevention.fr\/site\/contact\/\">DEMANDER UN DEVIS<\/a><\/strong><\/p>\n\n\n\n<div class=\"wp-block-group is-content-justification-center is-nowrap is-layout-flex wp-container-core-group-is-layout-23441af8 wp-block-group-is-layout-flex\"><div class=\"wp-block-template-part\"><\/div><\/div>\n<\/div>\n","protected":false},"excerpt":{"rendered":"<p>SENSIBILISATION AU SECOURISME REDUCTION DES RISQUES AU QUOTIDIEN LA PRISE DE PAROLE EN PUBLIC LA PREVENTION ET LA GESTION DE CONFLITS EQUIPEMENTS &nbsp;LA PRISE DE PAROLE EN PUBLIC Les clefs de l\u2019expression orale 1 (Participation, expos\u00e9 et\/ou men\u00e9e de r\u00e9union) \u00ab&nbsp;Nous n\u2019avons pas 2 fois la chance de donner une premi\u00e8re impression mais nous avons [&hellip;]<\/p>\n","protected":false},"author":1,"featured_media":0,"parent":68,"menu_order":0,"comment_status":"closed","ping_status":"closed","template":"wp-custom-template-modele-comm","meta":{"ngg_post_thumbnail":0,"_glsr_average":0,"_glsr_ranking":0,"_glsr_reviews":0,"footnotes":""},"class_list":["post-493","page","type-page","status-publish","hentry"],"yoast_head":"<!-- This site is optimized with the Yoast SEO plugin v27.4 - https:\/\/yoast.com\/product\/yoast-seo-wordpress\/ -->\n<title>La prise de parole en public -<\/title>\n<meta name=\"robots\" content=\"index, follow, max-snippet:-1, max-image-preview:large, max-video-preview:-1\" \/>\n<link rel=\"canonical\" href=\"https:\/\/sst-prevention.fr\/site\/particuliers\/la-prise-de-parole-en-public\/\" \/>\n<meta property=\"og:locale\" content=\"fr_FR\" \/>\n<meta property=\"og:type\" content=\"article\" \/>\n<meta property=\"og:title\" content=\"La prise de parole en public -\" \/>\n<meta property=\"og:description\" content=\"SENSIBILISATION AU SECOURISME REDUCTION DES RISQUES AU QUOTIDIEN LA PRISE DE PAROLE EN PUBLIC LA PREVENTION ET LA GESTION DE CONFLITS EQUIPEMENTS &nbsp;LA PRISE DE PAROLE EN PUBLIC Les clefs de l\u2019expression orale 1 (Participation, expos\u00e9 et\/ou men\u00e9e de r\u00e9union) \u00ab&nbsp;Nous n\u2019avons pas 2 fois la chance de donner une premi\u00e8re impression mais nous avons [&hellip;]\" \/>\n<meta property=\"og:url\" content=\"https:\/\/sst-prevention.fr\/site\/particuliers\/la-prise-de-parole-en-public\/\" \/>\n<meta property=\"article:modified_time\" content=\"2025-04-18T17:36:46+00:00\" \/>\n<meta name=\"twitter:card\" content=\"summary_large_image\" \/>\n<meta name=\"twitter:label1\" content=\"Dur\u00e9e de lecture estim\u00e9e\" \/>\n\t<meta name=\"twitter:data1\" content=\"5 minutes\" \/>\n<script type=\"application\/ld+json\" class=\"yoast-schema-graph\">{\"@context\":\"https:\\\/\\\/schema.org\",\"@graph\":[{\"@type\":\"WebPage\",\"@id\":\"https:\\\/\\\/sst-prevention.fr\\\/site\\\/particuliers\\\/la-prise-de-parole-en-public\\\/\",\"url\":\"https:\\\/\\\/sst-prevention.fr\\\/site\\\/particuliers\\\/la-prise-de-parole-en-public\\\/\",\"name\":\"La prise de parole en public -\",\"isPartOf\":{\"@id\":\"https:\\\/\\\/sst-prevention.fr\\\/site\\\/#website\"},\"datePublished\":\"2024-06-15T19:38:16+00:00\",\"dateModified\":\"2025-04-18T17:36:46+00:00\",\"breadcrumb\":{\"@id\":\"https:\\\/\\\/sst-prevention.fr\\\/site\\\/particuliers\\\/la-prise-de-parole-en-public\\\/#breadcrumb\"},\"inLanguage\":\"fr-FR\",\"potentialAction\":[{\"@type\":\"ReadAction\",\"target\":[\"https:\\\/\\\/sst-prevention.fr\\\/site\\\/particuliers\\\/la-prise-de-parole-en-public\\\/\"]}]},{\"@type\":\"BreadcrumbList\",\"@id\":\"https:\\\/\\\/sst-prevention.fr\\\/site\\\/particuliers\\\/la-prise-de-parole-en-public\\\/#breadcrumb\",\"itemListElement\":[{\"@type\":\"ListItem\",\"position\":1,\"name\":\"Accueil\",\"item\":\"https:\\\/\\\/sst-prevention.fr\\\/site\\\/\"},{\"@type\":\"ListItem\",\"position\":2,\"name\":\"Particuliers\",\"item\":\"https:\\\/\\\/sst-prevention.fr\\\/site\\\/particuliers\\\/\"},{\"@type\":\"ListItem\",\"position\":3,\"name\":\"La prise de parole en public\"}]},{\"@type\":\"WebSite\",\"@id\":\"https:\\\/\\\/sst-prevention.fr\\\/site\\\/#website\",\"url\":\"https:\\\/\\\/sst-prevention.fr\\\/site\\\/\",\"name\":\"\",\"description\":\"\",\"potentialAction\":[{\"@type\":\"SearchAction\",\"target\":{\"@type\":\"EntryPoint\",\"urlTemplate\":\"https:\\\/\\\/sst-prevention.fr\\\/site\\\/?s={search_term_string}\"},\"query-input\":{\"@type\":\"PropertyValueSpecification\",\"valueRequired\":true,\"valueName\":\"search_term_string\"}}],\"inLanguage\":\"fr-FR\"}]}<\/script>\n<!-- \/ Yoast SEO plugin. -->","yoast_head_json":{"title":"La prise de parole en public -","robots":{"index":"index","follow":"follow","max-snippet":"max-snippet:-1","max-image-preview":"max-image-preview:large","max-video-preview":"max-video-preview:-1"},"canonical":"https:\/\/sst-prevention.fr\/site\/particuliers\/la-prise-de-parole-en-public\/","og_locale":"fr_FR","og_type":"article","og_title":"La prise de parole en public -","og_description":"SENSIBILISATION AU SECOURISME REDUCTION DES RISQUES AU QUOTIDIEN LA PRISE DE PAROLE EN PUBLIC LA PREVENTION ET LA GESTION DE CONFLITS EQUIPEMENTS &nbsp;LA PRISE DE PAROLE EN PUBLIC Les clefs de l\u2019expression orale 1 (Participation, expos\u00e9 et\/ou men\u00e9e de r\u00e9union) \u00ab&nbsp;Nous n\u2019avons pas 2 fois la chance de donner une premi\u00e8re impression mais nous avons [&hellip;]","og_url":"https:\/\/sst-prevention.fr\/site\/particuliers\/la-prise-de-parole-en-public\/","article_modified_time":"2025-04-18T17:36:46+00:00","twitter_card":"summary_large_image","twitter_misc":{"Dur\u00e9e de lecture estim\u00e9e":"5 minutes"},"schema":{"@context":"https:\/\/schema.org","@graph":[{"@type":"WebPage","@id":"https:\/\/sst-prevention.fr\/site\/particuliers\/la-prise-de-parole-en-public\/","url":"https:\/\/sst-prevention.fr\/site\/particuliers\/la-prise-de-parole-en-public\/","name":"La prise de parole en public -","isPartOf":{"@id":"https:\/\/sst-prevention.fr\/site\/#website"},"datePublished":"2024-06-15T19:38:16+00:00","dateModified":"2025-04-18T17:36:46+00:00","breadcrumb":{"@id":"https:\/\/sst-prevention.fr\/site\/particuliers\/la-prise-de-parole-en-public\/#breadcrumb"},"inLanguage":"fr-FR","potentialAction":[{"@type":"ReadAction","target":["https:\/\/sst-prevention.fr\/site\/particuliers\/la-prise-de-parole-en-public\/"]}]},{"@type":"BreadcrumbList","@id":"https:\/\/sst-prevention.fr\/site\/particuliers\/la-prise-de-parole-en-public\/#breadcrumb","itemListElement":[{"@type":"ListItem","position":1,"name":"Accueil","item":"https:\/\/sst-prevention.fr\/site\/"},{"@type":"ListItem","position":2,"name":"Particuliers","item":"https:\/\/sst-prevention.fr\/site\/particuliers\/"},{"@type":"ListItem","position":3,"name":"La prise de parole en public"}]},{"@type":"WebSite","@id":"https:\/\/sst-prevention.fr\/site\/#website","url":"https:\/\/sst-prevention.fr\/site\/","name":"","description":"","potentialAction":[{"@type":"SearchAction","target":{"@type":"EntryPoint","urlTemplate":"https:\/\/sst-prevention.fr\/site\/?s={search_term_string}"},"query-input":{"@type":"PropertyValueSpecification","valueRequired":true,"valueName":"search_term_string"}}],"inLanguage":"fr-FR"}]}},"_links":{"self":[{"href":"https:\/\/sst-prevention.fr\/site\/wp-json\/wp\/v2\/pages\/493","targetHints":{"allow":["GET"]}}],"collection":[{"href":"https:\/\/sst-prevention.fr\/site\/wp-json\/wp\/v2\/pages"}],"about":[{"href":"https:\/\/sst-prevention.fr\/site\/wp-json\/wp\/v2\/types\/page"}],"author":[{"embeddable":true,"href":"https:\/\/sst-prevention.fr\/site\/wp-json\/wp\/v2\/users\/1"}],"replies":[{"embeddable":true,"href":"https:\/\/sst-prevention.fr\/site\/wp-json\/wp\/v2\/comments?post=493"}],"version-history":[{"count":2,"href":"https:\/\/sst-prevention.fr\/site\/wp-json\/wp\/v2\/pages\/493\/revisions"}],"predecessor-version":[{"id":816,"href":"https:\/\/sst-prevention.fr\/site\/wp-json\/wp\/v2\/pages\/493\/revisions\/816"}],"up":[{"embeddable":true,"href":"https:\/\/sst-prevention.fr\/site\/wp-json\/wp\/v2\/pages\/68"}],"wp:attachment":[{"href":"https:\/\/sst-prevention.fr\/site\/wp-json\/wp\/v2\/media?parent=493"}],"curies":[{"name":"wp","href":"https:\/\/api.w.org\/{rel}","templated":true}]}}