{"id":316,"date":"2024-05-04T20:15:05","date_gmt":"2024-05-04T18:15:05","guid":{"rendered":"https:\/\/sst-prevention.fr\/site\/?page_id=316"},"modified":"2025-11-03T19:42:27","modified_gmt":"2025-11-03T18:42:27","slug":"equipements","status":"publish","type":"page","link":"https:\/\/sst-prevention.fr\/site\/entreprises\/equipements\/","title":{"rendered":"\u00c9quipements"},"content":{"rendered":"\n<div class=\"wp-block-cover has-parallax\"><div class=\"wp-block-cover__image-background wp-image-974 size-large has-parallax\" style=\"background-position:50% 50%;background-image:url(https:\/\/sst-prevention.fr\/site\/wp-content\/uploads\/2025\/11\/P9-Equipements-1-1024x768.jpg)\"><\/div><span aria-hidden=\"true\" class=\"wp-block-cover__background has-background-dim-0 has-background-dim\" style=\"background-color:#726d73\"><\/span><div class=\"wp-block-cover__inner-container is-layout-constrained wp-block-cover-is-layout-constrained\">\n<p class=\"has-text-align-center has-large-font-size\"><\/p>\n<\/div><\/div>\n\n\n\n<div class=\"wp-block-group alignfull has-background is-vertical is-content-justification-stretch is-layout-flex wp-container-core-group-is-layout-2d985f2e wp-block-group-is-layout-flex\" style=\"background-color:#ffffff00;padding-top:2%;padding-right:5%;padding-bottom:2%;padding-left:5%\">\n<p class=\"has-custom-couleur-1-color has-text-color has-link-color wp-elements-6f3921b1a9c1e09cd054707eb87f4454\"><a href=\"https:\/\/sst-prevention.fr\/site\/entreprises\/demarche-de-prevention\/\"><strong>DEMARCHE DE PREVENTION<\/strong><\/a><\/p>\n\n\n\n<p class=\"has-custom-couleur-1-color has-text-color has-link-color wp-elements-2602d0467a41f3ab2cb97e16456270d5\"><strong><a href=\"https:\/\/sst-prevention.fr\/site\/entreprises\/formation-sst\/\">FORMATION SST<\/a><\/strong><\/p>\n\n\n\n<p class=\"has-custom-couleur-1-color has-text-color has-link-color has-base-font-size wp-elements-c69302d2a46b49146f3bc0f72c061f43\"><strong><a href=\"https:\/\/sst-prevention.fr\/site\/entreprises\/maintien-et-actualisation-des-competences-mac-sst\/\">FORMATION MAINTIEN ET ACTUALISATION DES COMPETENCES MAC SST<\/a><\/strong><\/p>\n\n\n\n<p class=\"has-custom-couleur-1-color has-text-color has-link-color wp-elements-c9921ce2d6cb999a815849d37d3c3304\"><a href=\"https:\/\/sst-prevention.fr\/site\/entreprises\/collaboration-avec-les-organismes-de-formations\/\"><strong>COLLABORATION AVEC LES ORGANISMES DE FORMATION<\/strong><\/a><\/p>\n\n\n\n<p class=\"has-custom-couleur-1-color has-text-color has-link-color wp-elements-1abf92e5a07d908e028be83f97dc03bc\"><strong><a href=\"https:\/\/sst-prevention.fr\/site\/entreprises\/equipements\/\">EQUIPEMENTS<\/a><\/strong><\/p>\n\n\n\n<p class=\"has-custom-couleur-1-color has-text-color has-link-color wp-elements-191a8f8a8be598174e4f13181081d568\"><strong><a href=\"https:\/\/sst-prevention.fr\/site\/entreprises\/la-prise-de-parole-en-public\/\">LA PRISE DE PAROLE EN PUBLIC<\/a><\/strong><\/p>\n\n\n\n<p class=\"has-custom-couleur-1-color has-text-color has-link-color has-base-font-size wp-elements-d95845d573168162a18435699c5d0118\"><strong><a href=\"https:\/\/sst-prevention.fr\/site\/entreprises\/communication-bienveillante\/\">LA PREVENTION ET LA GESTION DE CONFLITS<\/a><\/strong><\/p>\n\n\n\n<p><\/p>\n\n\n\n<p>Nous disposons de tout le mat\u00e9riel p\u00e9dagogique n\u00e9cessaire&nbsp;:<\/p>\n\n\n\n<p class=\"has-text-color has-link-color has-medium-font-size wp-elements-634749f1299b4cee393a284960869ec5\" style=\"color:#4dad32\"><strong>Pour la th\u00e9orie&nbsp;(Pr\u00e9vention et secourisme)&nbsp;:<\/strong><\/p>\n\n\n\n<ul class=\"wp-block-list\">\n<li>Le plan d\u2019action et de pr\u00e9vention de l\u2019INRS<\/li>\n\n\n\n<li>Le plan d\u2019intervention de l\u2019INRS<\/li>\n\n\n\n<li>1 tableau paper-board<\/li>\n\n\n\n<li>1 vid\u00e9o-projecteur et \u00e9cran de projection<\/li>\n\n\n\n<li>Powerpoint r\u00e9alis\u00e9 personnellement<\/li>\n\n\n\n<li>Photos-langages<\/li>\n\n\n\n<li>Jeu de cartes (cr\u00e9e personnellement) sur les 9 principes g\u00e9n\u00e9raux de pr\u00e9vention<\/li>\n\n\n\n<li>Questionnaires d\u2019\u00e9valuation d\u2019entr\u00e9e en formation et de fin de stage<\/li>\n<\/ul>\n\n\n\n<p>(Nous pouvons toutefois utiliser vos supports si vous le d\u00e9sirez si ces derniers nous sont envoy\u00e9s bien en amont afin que nous puissions les \u00e9tudier.)<\/p>\n\n\n\n<p class=\"has-text-color has-link-color has-medium-font-size wp-elements-b1f5fcef2349ccb10a6a64aeb1538be6\" style=\"color:#4dad32\"><strong>Pour la pratique&nbsp;(Exercices et mises en situation)&nbsp;:<\/strong><\/p>\n\n\n\n<ul class=\"wp-block-list\">\n<li>2 mannequins adultes (1 Laerdal connect\u00e9, 1 Ambuman)<\/li>\n\n\n\n<li>1 mannequin enfant (Laerdal connect\u00e9)<\/li>\n\n\n\n<li>1 mannequin nourrisson (Laerdal connect\u00e9)<\/li>\n\n\n\n<li>1 d\u00e9fibrillateur r\u00e9glable, automatique ou semi-automatique (Schiller)<\/li>\n\n\n\n<li>1 coupe de t\u00eate<\/li>\n\n\n\n<li>5 Tapis de sol<\/li>\n\n\n\n<li>Un kit pour la pratique des saignements abondants (pansements compressifs, garrots, garrots de fortune)<\/li>\n\n\n\n<li>Mat\u00e9riel factice de simulation pour les mises en situation<\/li>\n<\/ul>\n\n\n\n<p><\/p>\n\n\n\n<p class=\"has-text-align-center has-custom-couleur-1-color has-text-color has-link-color has-medium-font-size wp-elements-26268749db267faecc6ec11ca9356ffe\"><strong><a data-type=\"page\" data-id=\"74\" href=\"https:\/\/sst-prevention.fr\/site\/contact\/\">DEMANDER UN DEVIS<\/a><\/strong><\/p>\n\n\n\n<div class=\"wp-block-group is-content-justification-center is-nowrap is-layout-flex wp-container-core-group-is-layout-23441af8 wp-block-group-is-layout-flex\"><div class=\"wp-block-template-part\"><\/div><\/div>\n<\/div>\n","protected":false},"excerpt":{"rendered":"<p>DEMARCHE DE PREVENTION FORMATION SST FORMATION MAINTIEN ET ACTUALISATION DES COMPETENCES MAC SST COLLABORATION AVEC LES ORGANISMES DE FORMATION EQUIPEMENTS LA PRISE DE PAROLE EN PUBLIC LA PREVENTION ET LA GESTION DE CONFLITS Nous disposons de tout le mat\u00e9riel p\u00e9dagogique n\u00e9cessaire&nbsp;: Pour la th\u00e9orie&nbsp;(Pr\u00e9vention et secourisme)&nbsp;: (Nous pouvons toutefois utiliser vos supports si vous le [&hellip;]<\/p>\n","protected":false},"author":1,"featured_media":0,"parent":66,"menu_order":5,"comment_status":"closed","ping_status":"closed","template":"","meta":{"ngg_post_thumbnail":0,"_glsr_average":0,"_glsr_ranking":0,"_glsr_reviews":0,"footnotes":""},"class_list":["post-316","page","type-page","status-publish","hentry"],"yoast_head":"<!-- This site is optimized with the Yoast SEO plugin v27.4 - https:\/\/yoast.com\/product\/yoast-seo-wordpress\/ -->\n<title>\u00c9quipements -<\/title>\n<meta name=\"robots\" content=\"index, follow, max-snippet:-1, max-image-preview:large, max-video-preview:-1\" \/>\n<link rel=\"canonical\" href=\"https:\/\/sst-prevention.fr\/site\/entreprises\/equipements\/\" \/>\n<meta property=\"og:locale\" content=\"fr_FR\" \/>\n<meta property=\"og:type\" content=\"article\" \/>\n<meta property=\"og:title\" content=\"\u00c9quipements -\" \/>\n<meta property=\"og:description\" content=\"DEMARCHE DE PREVENTION FORMATION SST FORMATION MAINTIEN ET ACTUALISATION DES COMPETENCES MAC SST COLLABORATION AVEC LES ORGANISMES DE FORMATION EQUIPEMENTS LA PRISE DE PAROLE EN PUBLIC LA PREVENTION ET LA GESTION DE CONFLITS Nous disposons de tout le mat\u00e9riel p\u00e9dagogique n\u00e9cessaire&nbsp;: Pour la th\u00e9orie&nbsp;(Pr\u00e9vention et secourisme)&nbsp;: (Nous pouvons toutefois utiliser vos supports si vous le [&hellip;]\" \/>\n<meta property=\"og:url\" content=\"https:\/\/sst-prevention.fr\/site\/entreprises\/equipements\/\" \/>\n<meta property=\"article:modified_time\" content=\"2025-11-03T18:42:27+00:00\" \/>\n<meta name=\"twitter:card\" content=\"summary_large_image\" \/>\n<meta name=\"twitter:label1\" content=\"Dur\u00e9e de lecture estim\u00e9e\" \/>\n\t<meta name=\"twitter:data1\" content=\"1 minute\" \/>\n<script type=\"application\/ld+json\" class=\"yoast-schema-graph\">{\"@context\":\"https:\\\/\\\/schema.org\",\"@graph\":[{\"@type\":\"WebPage\",\"@id\":\"https:\\\/\\\/sst-prevention.fr\\\/site\\\/entreprises\\\/equipements\\\/\",\"url\":\"https:\\\/\\\/sst-prevention.fr\\\/site\\\/entreprises\\\/equipements\\\/\",\"name\":\"\u00c9quipements -\",\"isPartOf\":{\"@id\":\"https:\\\/\\\/sst-prevention.fr\\\/site\\\/#website\"},\"datePublished\":\"2024-05-04T18:15:05+00:00\",\"dateModified\":\"2025-11-03T18:42:27+00:00\",\"breadcrumb\":{\"@id\":\"https:\\\/\\\/sst-prevention.fr\\\/site\\\/entreprises\\\/equipements\\\/#breadcrumb\"},\"inLanguage\":\"fr-FR\",\"potentialAction\":[{\"@type\":\"ReadAction\",\"target\":[\"https:\\\/\\\/sst-prevention.fr\\\/site\\\/entreprises\\\/equipements\\\/\"]}]},{\"@type\":\"BreadcrumbList\",\"@id\":\"https:\\\/\\\/sst-prevention.fr\\\/site\\\/entreprises\\\/equipements\\\/#breadcrumb\",\"itemListElement\":[{\"@type\":\"ListItem\",\"position\":1,\"name\":\"Accueil\",\"item\":\"https:\\\/\\\/sst-prevention.fr\\\/site\\\/\"},{\"@type\":\"ListItem\",\"position\":2,\"name\":\"Entreprises\",\"item\":\"https:\\\/\\\/sst-prevention.fr\\\/site\\\/entreprises\\\/\"},{\"@type\":\"ListItem\",\"position\":3,\"name\":\"\u00c9quipements\"}]},{\"@type\":\"WebSite\",\"@id\":\"https:\\\/\\\/sst-prevention.fr\\\/site\\\/#website\",\"url\":\"https:\\\/\\\/sst-prevention.fr\\\/site\\\/\",\"name\":\"\",\"description\":\"\",\"potentialAction\":[{\"@type\":\"SearchAction\",\"target\":{\"@type\":\"EntryPoint\",\"urlTemplate\":\"https:\\\/\\\/sst-prevention.fr\\\/site\\\/?s={search_term_string}\"},\"query-input\":{\"@type\":\"PropertyValueSpecification\",\"valueRequired\":true,\"valueName\":\"search_term_string\"}}],\"inLanguage\":\"fr-FR\"}]}<\/script>\n<!-- \/ Yoast SEO plugin. -->","yoast_head_json":{"title":"\u00c9quipements -","robots":{"index":"index","follow":"follow","max-snippet":"max-snippet:-1","max-image-preview":"max-image-preview:large","max-video-preview":"max-video-preview:-1"},"canonical":"https:\/\/sst-prevention.fr\/site\/entreprises\/equipements\/","og_locale":"fr_FR","og_type":"article","og_title":"\u00c9quipements -","og_description":"DEMARCHE DE PREVENTION FORMATION SST FORMATION MAINTIEN ET ACTUALISATION DES COMPETENCES MAC SST COLLABORATION AVEC LES ORGANISMES DE FORMATION EQUIPEMENTS LA PRISE DE PAROLE EN PUBLIC LA PREVENTION ET LA GESTION DE CONFLITS Nous disposons de tout le mat\u00e9riel p\u00e9dagogique n\u00e9cessaire&nbsp;: Pour la th\u00e9orie&nbsp;(Pr\u00e9vention et secourisme)&nbsp;: (Nous pouvons toutefois utiliser vos supports si vous le [&hellip;]","og_url":"https:\/\/sst-prevention.fr\/site\/entreprises\/equipements\/","article_modified_time":"2025-11-03T18:42:27+00:00","twitter_card":"summary_large_image","twitter_misc":{"Dur\u00e9e de lecture estim\u00e9e":"1 minute"},"schema":{"@context":"https:\/\/schema.org","@graph":[{"@type":"WebPage","@id":"https:\/\/sst-prevention.fr\/site\/entreprises\/equipements\/","url":"https:\/\/sst-prevention.fr\/site\/entreprises\/equipements\/","name":"\u00c9quipements -","isPartOf":{"@id":"https:\/\/sst-prevention.fr\/site\/#website"},"datePublished":"2024-05-04T18:15:05+00:00","dateModified":"2025-11-03T18:42:27+00:00","breadcrumb":{"@id":"https:\/\/sst-prevention.fr\/site\/entreprises\/equipements\/#breadcrumb"},"inLanguage":"fr-FR","potentialAction":[{"@type":"ReadAction","target":["https:\/\/sst-prevention.fr\/site\/entreprises\/equipements\/"]}]},{"@type":"BreadcrumbList","@id":"https:\/\/sst-prevention.fr\/site\/entreprises\/equipements\/#breadcrumb","itemListElement":[{"@type":"ListItem","position":1,"name":"Accueil","item":"https:\/\/sst-prevention.fr\/site\/"},{"@type":"ListItem","position":2,"name":"Entreprises","item":"https:\/\/sst-prevention.fr\/site\/entreprises\/"},{"@type":"ListItem","position":3,"name":"\u00c9quipements"}]},{"@type":"WebSite","@id":"https:\/\/sst-prevention.fr\/site\/#website","url":"https:\/\/sst-prevention.fr\/site\/","name":"","description":"","potentialAction":[{"@type":"SearchAction","target":{"@type":"EntryPoint","urlTemplate":"https:\/\/sst-prevention.fr\/site\/?s={search_term_string}"},"query-input":{"@type":"PropertyValueSpecification","valueRequired":true,"valueName":"search_term_string"}}],"inLanguage":"fr-FR"}]}},"_links":{"self":[{"href":"https:\/\/sst-prevention.fr\/site\/wp-json\/wp\/v2\/pages\/316","targetHints":{"allow":["GET"]}}],"collection":[{"href":"https:\/\/sst-prevention.fr\/site\/wp-json\/wp\/v2\/pages"}],"about":[{"href":"https:\/\/sst-prevention.fr\/site\/wp-json\/wp\/v2\/types\/page"}],"author":[{"embeddable":true,"href":"https:\/\/sst-prevention.fr\/site\/wp-json\/wp\/v2\/users\/1"}],"replies":[{"embeddable":true,"href":"https:\/\/sst-prevention.fr\/site\/wp-json\/wp\/v2\/comments?post=316"}],"version-history":[{"count":10,"href":"https:\/\/sst-prevention.fr\/site\/wp-json\/wp\/v2\/pages\/316\/revisions"}],"predecessor-version":[{"id":975,"href":"https:\/\/sst-prevention.fr\/site\/wp-json\/wp\/v2\/pages\/316\/revisions\/975"}],"up":[{"embeddable":true,"href":"https:\/\/sst-prevention.fr\/site\/wp-json\/wp\/v2\/pages\/66"}],"wp:attachment":[{"href":"https:\/\/sst-prevention.fr\/site\/wp-json\/wp\/v2\/media?parent=316"}],"curies":[{"name":"wp","href":"https:\/\/api.w.org\/{rel}","templated":true}]}}