{"id":235,"date":"2024-05-03T18:34:09","date_gmt":"2024-05-03T16:34:09","guid":{"rendered":"https:\/\/sst-prevention.fr\/site\/?page_id=235"},"modified":"2025-11-03T18:18:28","modified_gmt":"2025-11-03T17:18:28","slug":"demarche-de-prevention","status":"publish","type":"page","link":"https:\/\/sst-prevention.fr\/site\/entreprises\/demarche-de-prevention\/","title":{"rendered":"D\u00e9marche de pr\u00e9vention"},"content":{"rendered":"\n<div class=\"wp-block-cover has-parallax\"><div class=\"wp-block-cover__image-background wp-image-931 size-large has-parallax\" style=\"background-position:50% 50%;background-image:url(https:\/\/sst-prevention.fr\/site\/wp-content\/uploads\/2025\/11\/P5-La-demarche-de-prevention-1024x768.jpg)\"><\/div><span aria-hidden=\"true\" class=\"wp-block-cover__background has-background-dim-0 has-background-dim\" style=\"background-color:#4d6884\"><\/span><div class=\"wp-block-cover__inner-container is-layout-constrained wp-block-cover-is-layout-constrained\">\n<p class=\"has-text-align-center has-large-font-size\"><\/p>\n<\/div><\/div>\n\n\n\n<div class=\"wp-block-group alignfull has-background is-vertical is-content-justification-stretch is-layout-flex wp-container-core-group-is-layout-2d985f2e wp-block-group-is-layout-flex\" style=\"background-color:#ffffff00;padding-top:2%;padding-right:5%;padding-bottom:2%;padding-left:5%\">\n<p class=\"has-custom-couleur-1-color has-text-color has-link-color wp-elements-0a87d1783a816a44a0762094761c34d5\"><a href=\"https:\/\/sst-prevention.fr\/site\/entreprises\/demarche-de-prevention\/\"><strong>DEMARCHE DE PREVENTION<\/strong><\/a><\/p>\n\n\n\n<p class=\"has-custom-couleur-1-color has-text-color has-link-color wp-elements-2602d0467a41f3ab2cb97e16456270d5\"><strong><a href=\"https:\/\/sst-prevention.fr\/site\/entreprises\/formation-sst\/\">FORMATION SST<\/a><\/strong><\/p>\n\n\n\n<p class=\"has-custom-couleur-1-color has-text-color has-link-color has-base-font-size wp-elements-116a2d32d0a7c9f4607f7dec1e4f5e8d\"><strong><a href=\"https:\/\/sst-prevention.fr\/site\/entreprises\/maintien-et-actualisation-des-competences-mac-sst\/\">MAINTIEN ET ACTUALISATION DES COMPETENCES MAC SST<\/a><\/strong><\/p>\n\n\n\n<p class=\"has-custom-couleur-1-color has-text-color has-link-color wp-elements-4320977e8fca4af90ca9b6bef8a153a5\"><a href=\"https:\/\/sst-prevention.fr\/site\/entreprises\/collaboration-avec-les-organismes-de-formations\/\"><strong>COLLABORATION AVEC LES ORGANISMES DE FORMATIONS<\/strong><\/a><\/p>\n\n\n\n<p class=\"has-custom-couleur-1-color has-text-color has-link-color wp-elements-1abf92e5a07d908e028be83f97dc03bc\"><strong><a href=\"https:\/\/sst-prevention.fr\/site\/entreprises\/equipements\/\">EQUIPEMENTS<\/a><\/strong><\/p>\n\n\n\n<p class=\"has-custom-couleur-1-color has-text-color has-link-color wp-elements-191a8f8a8be598174e4f13181081d568\"><strong><a href=\"https:\/\/sst-prevention.fr\/site\/entreprises\/la-prise-de-parole-en-public\/\">LA PRISE DE PAROLE EN PUBLIC<\/a><\/strong><\/p>\n\n\n\n<p class=\"has-custom-couleur-1-color has-text-color has-link-color wp-elements-a0380a9e9745a1864f9caba5e5682360\"><strong><a href=\"https:\/\/sst-prevention.fr\/site\/entreprises\/communication-bienveillante\/\">LA PREVENTION ET LA GESTION DE CONFLITS<\/a><\/strong><\/p>\n\n\n\n<p><\/p>\n\n\n\n<p>La pr\u00e9vention des risques professionnels recouvre l&rsquo;ensemble des dispositions \u00e0 mettre en \u0153uvre pour pr\u00e9server la sant\u00e9 et la s\u00e9curit\u00e9 des salari\u00e9s, am\u00e9liorer les conditions de travail et tendre au bien-\u00eatre au travail.<\/p>\n\n\n\n<p>La d\u00e9marche de pr\u00e9vention repose sur le respect des personnes, la transparence et le dialogue social.<\/p>\n\n\n\n<p class=\"has-custom-couleur-1-color has-text-color has-link-color wp-elements-97f7e0a7c128a353edcd0504ca24a624\">Elle se construit en impliquant tous les&nbsp;<a href=\"https:\/\/www.inrs.fr\/demarche\/acteurs-prevention.html\"><strong>acteurs concern\u00e9s<\/strong><\/a>&nbsp;et en tenant compte des sp\u00e9cificit\u00e9s de l\u2019entreprise.<\/p>\n\n\n\n<p>En d\u2019autres termes, la d\u00e9marche de pr\u00e9vention consiste \u00e0 d\u00e9velopper dans l\u2019entreprise une culture de pr\u00e9vention en s\u2019appuyant sur&nbsp;:<\/p>\n\n\n\n<ul class=\"wp-block-list\">\n<li><strong><a href=\"https:\/\/www.inrs.fr\/demarche\/evaluation-risques-professionnels\/ce-qu-il-faut-retenir.html\">La d\u00e9marche d\u2019\u00e9valuation des risques professionnels<\/a><\/strong><strong>&nbsp;<\/strong>consistant \u00e0 identifier les risques auxquels sont soumis les salari\u00e9s, en vue de mettre en place des actions de pr\u00e9vention pertinentes.<\/li>\n\n\n\n<li><strong><a href=\"https:\/\/www.inrs.fr\/demarche\/conception-lieux-situations-travail.html\">La d\u00e9marche de conception et d\u2019utilisation des lieux de travail<\/a><\/strong>&nbsp;qui est une d\u00e9marche a priori pour pr\u00e9venir les risques professionnels et am\u00e9liorer les conditions de travail&nbsp;: une d\u00e9marche \u00e0 mettre en \u0153uvre, en cons\u00e9quence, le plus en amont possible d\u2019un projet.<\/li>\n\n\n\n<li><strong><a href=\"https:\/\/www.inrs.fr\/demarche\/conception-utilisation-equipements-travail.html\">La d\u00e9marche de pr\u00e9vention des risques li\u00e9s aux machines<\/a><\/strong>. Elle s\u2019attache en priorit\u00e9, lors de la conception, \u00e0 d\u00e9velopper la pr\u00e9vention intrins\u00e8que.<\/li>\n\n\n\n<li><strong><a href=\"https:\/\/www.inrs.fr\/demarche\/protection-collective\/ce-qu-il-faut-retenir.html\">Le questionnement sur l\u2019utilisation des protections collectives<\/a><\/strong>&nbsp;portant sur l\u2019\u00e9limination ou la r\u00e9duction des risques, la mise en place de mesures d\u2019isolement par rapport au risque.<\/li>\n\n\n\n<li><strong><a href=\"https:\/\/www.inrs.fr\/demarche\/prevention-medicale.html\">L\u2019action des \u00e9quipes pluridisciplinaires des services de sant\u00e9 et s\u00e9curit\u00e9 au travail<\/a><\/strong>&nbsp;impliqu\u00e9es dans la mise en place et le suivi des mesures collectives de pr\u00e9vention des risques.<\/li>\n\n\n\n<li><strong><u><a href=\"https:\/\/www.inrs.fr\/demarche\/protection-individuelle.html\">La place des protections individuelles<\/a><\/u><\/strong>, dont l\u2019utilisation ne doit \u00eatre envisag\u00e9e qu\u2019en compl\u00e9ment des autres mesures d\u2019\u00e9limination ou de r\u00e9duction des risques.<\/li>\n\n\n\n<li><strong><a href=\"https:\/\/www.inrs.fr\/demarche\/formation-information.html\">La formation et l\u2019information<\/a><\/strong>, qui font partie int\u00e9grante de la politique de l\u2019entreprise.<\/li>\n<\/ul>\n\n\n\n<p>A cet ensemble, s\u2019ajoute l\u2019obligation faite \u00e0 l\u2019employeur d<strong><a href=\"https:\/\/www.inrs.fr\/demarche\/organisation-secours.html\">&lsquo;organiser dans son entreprise les secours et soins d&rsquo;urgence<\/a><\/strong>&nbsp;\u00e0 donner aux salari\u00e9s accident\u00e9s et aux malades.<\/p>\n\n\n\n<p><\/p>\n\n\n\n<p class=\"has-text-align-center has-custom-couleur-1-color has-text-color has-link-color has-medium-font-size wp-elements-26268749db267faecc6ec11ca9356ffe\"><strong><a data-type=\"page\" data-id=\"74\" href=\"https:\/\/sst-prevention.fr\/site\/contact\/\">DEMANDER UN DEVIS<\/a><\/strong><\/p>\n\n\n\n<div class=\"wp-block-group is-content-justification-center is-nowrap is-layout-flex wp-container-core-group-is-layout-23441af8 wp-block-group-is-layout-flex\"><div class=\"wp-block-template-part\"><\/div><\/div>\n<\/div>\n","protected":false},"excerpt":{"rendered":"<p>DEMARCHE DE PREVENTION FORMATION SST MAINTIEN ET ACTUALISATION DES COMPETENCES MAC SST COLLABORATION AVEC LES ORGANISMES DE FORMATIONS EQUIPEMENTS LA PRISE DE PAROLE EN PUBLIC LA PREVENTION ET LA GESTION DE CONFLITS La pr\u00e9vention des risques professionnels recouvre l&rsquo;ensemble des dispositions \u00e0 mettre en \u0153uvre pour pr\u00e9server la sant\u00e9 et la s\u00e9curit\u00e9 des salari\u00e9s, am\u00e9liorer [&hellip;]<\/p>\n","protected":false},"author":1,"featured_media":0,"parent":66,"menu_order":1,"comment_status":"closed","ping_status":"closed","template":"","meta":{"ngg_post_thumbnail":0,"_glsr_average":0,"_glsr_ranking":0,"_glsr_reviews":0,"footnotes":""},"class_list":["post-235","page","type-page","status-publish","hentry"],"yoast_head":"<!-- This site is optimized with the Yoast SEO plugin v27.4 - https:\/\/yoast.com\/product\/yoast-seo-wordpress\/ -->\n<title>D\u00e9marche de pr\u00e9vention -<\/title>\n<meta name=\"robots\" content=\"index, follow, max-snippet:-1, max-image-preview:large, max-video-preview:-1\" \/>\n<link rel=\"canonical\" href=\"https:\/\/sst-prevention.fr\/site\/entreprises\/demarche-de-prevention\/\" \/>\n<meta property=\"og:locale\" content=\"fr_FR\" \/>\n<meta property=\"og:type\" content=\"article\" \/>\n<meta property=\"og:title\" content=\"D\u00e9marche de pr\u00e9vention -\" \/>\n<meta property=\"og:description\" content=\"DEMARCHE DE PREVENTION FORMATION SST MAINTIEN ET ACTUALISATION DES COMPETENCES MAC SST COLLABORATION AVEC LES ORGANISMES DE FORMATIONS EQUIPEMENTS LA PRISE DE PAROLE EN PUBLIC LA PREVENTION ET LA GESTION DE CONFLITS La pr\u00e9vention des risques professionnels recouvre l&rsquo;ensemble des dispositions \u00e0 mettre en \u0153uvre pour pr\u00e9server la sant\u00e9 et la s\u00e9curit\u00e9 des salari\u00e9s, am\u00e9liorer [&hellip;]\" \/>\n<meta property=\"og:url\" content=\"https:\/\/sst-prevention.fr\/site\/entreprises\/demarche-de-prevention\/\" \/>\n<meta property=\"article:modified_time\" content=\"2025-11-03T17:18:28+00:00\" \/>\n<meta name=\"twitter:card\" content=\"summary_large_image\" \/>\n<meta name=\"twitter:label1\" content=\"Dur\u00e9e de lecture estim\u00e9e\" \/>\n\t<meta name=\"twitter:data1\" content=\"2 minutes\" \/>\n<script type=\"application\/ld+json\" class=\"yoast-schema-graph\">{\"@context\":\"https:\\\/\\\/schema.org\",\"@graph\":[{\"@type\":\"WebPage\",\"@id\":\"https:\\\/\\\/sst-prevention.fr\\\/site\\\/entreprises\\\/demarche-de-prevention\\\/\",\"url\":\"https:\\\/\\\/sst-prevention.fr\\\/site\\\/entreprises\\\/demarche-de-prevention\\\/\",\"name\":\"D\u00e9marche de pr\u00e9vention -\",\"isPartOf\":{\"@id\":\"https:\\\/\\\/sst-prevention.fr\\\/site\\\/#website\"},\"datePublished\":\"2024-05-03T16:34:09+00:00\",\"dateModified\":\"2025-11-03T17:18:28+00:00\",\"breadcrumb\":{\"@id\":\"https:\\\/\\\/sst-prevention.fr\\\/site\\\/entreprises\\\/demarche-de-prevention\\\/#breadcrumb\"},\"inLanguage\":\"fr-FR\",\"potentialAction\":[{\"@type\":\"ReadAction\",\"target\":[\"https:\\\/\\\/sst-prevention.fr\\\/site\\\/entreprises\\\/demarche-de-prevention\\\/\"]}]},{\"@type\":\"BreadcrumbList\",\"@id\":\"https:\\\/\\\/sst-prevention.fr\\\/site\\\/entreprises\\\/demarche-de-prevention\\\/#breadcrumb\",\"itemListElement\":[{\"@type\":\"ListItem\",\"position\":1,\"name\":\"Accueil\",\"item\":\"https:\\\/\\\/sst-prevention.fr\\\/site\\\/\"},{\"@type\":\"ListItem\",\"position\":2,\"name\":\"Entreprises\",\"item\":\"https:\\\/\\\/sst-prevention.fr\\\/site\\\/entreprises\\\/\"},{\"@type\":\"ListItem\",\"position\":3,\"name\":\"D\u00e9marche de pr\u00e9vention\"}]},{\"@type\":\"WebSite\",\"@id\":\"https:\\\/\\\/sst-prevention.fr\\\/site\\\/#website\",\"url\":\"https:\\\/\\\/sst-prevention.fr\\\/site\\\/\",\"name\":\"\",\"description\":\"\",\"potentialAction\":[{\"@type\":\"SearchAction\",\"target\":{\"@type\":\"EntryPoint\",\"urlTemplate\":\"https:\\\/\\\/sst-prevention.fr\\\/site\\\/?s={search_term_string}\"},\"query-input\":{\"@type\":\"PropertyValueSpecification\",\"valueRequired\":true,\"valueName\":\"search_term_string\"}}],\"inLanguage\":\"fr-FR\"}]}<\/script>\n<!-- \/ Yoast SEO plugin. -->","yoast_head_json":{"title":"D\u00e9marche de pr\u00e9vention -","robots":{"index":"index","follow":"follow","max-snippet":"max-snippet:-1","max-image-preview":"max-image-preview:large","max-video-preview":"max-video-preview:-1"},"canonical":"https:\/\/sst-prevention.fr\/site\/entreprises\/demarche-de-prevention\/","og_locale":"fr_FR","og_type":"article","og_title":"D\u00e9marche de pr\u00e9vention -","og_description":"DEMARCHE DE PREVENTION FORMATION SST MAINTIEN ET ACTUALISATION DES COMPETENCES MAC SST COLLABORATION AVEC LES ORGANISMES DE FORMATIONS EQUIPEMENTS LA PRISE DE PAROLE EN PUBLIC LA PREVENTION ET LA GESTION DE CONFLITS La pr\u00e9vention des risques professionnels recouvre l&rsquo;ensemble des dispositions \u00e0 mettre en \u0153uvre pour pr\u00e9server la sant\u00e9 et la s\u00e9curit\u00e9 des salari\u00e9s, am\u00e9liorer [&hellip;]","og_url":"https:\/\/sst-prevention.fr\/site\/entreprises\/demarche-de-prevention\/","article_modified_time":"2025-11-03T17:18:28+00:00","twitter_card":"summary_large_image","twitter_misc":{"Dur\u00e9e de lecture estim\u00e9e":"2 minutes"},"schema":{"@context":"https:\/\/schema.org","@graph":[{"@type":"WebPage","@id":"https:\/\/sst-prevention.fr\/site\/entreprises\/demarche-de-prevention\/","url":"https:\/\/sst-prevention.fr\/site\/entreprises\/demarche-de-prevention\/","name":"D\u00e9marche de pr\u00e9vention -","isPartOf":{"@id":"https:\/\/sst-prevention.fr\/site\/#website"},"datePublished":"2024-05-03T16:34:09+00:00","dateModified":"2025-11-03T17:18:28+00:00","breadcrumb":{"@id":"https:\/\/sst-prevention.fr\/site\/entreprises\/demarche-de-prevention\/#breadcrumb"},"inLanguage":"fr-FR","potentialAction":[{"@type":"ReadAction","target":["https:\/\/sst-prevention.fr\/site\/entreprises\/demarche-de-prevention\/"]}]},{"@type":"BreadcrumbList","@id":"https:\/\/sst-prevention.fr\/site\/entreprises\/demarche-de-prevention\/#breadcrumb","itemListElement":[{"@type":"ListItem","position":1,"name":"Accueil","item":"https:\/\/sst-prevention.fr\/site\/"},{"@type":"ListItem","position":2,"name":"Entreprises","item":"https:\/\/sst-prevention.fr\/site\/entreprises\/"},{"@type":"ListItem","position":3,"name":"D\u00e9marche de pr\u00e9vention"}]},{"@type":"WebSite","@id":"https:\/\/sst-prevention.fr\/site\/#website","url":"https:\/\/sst-prevention.fr\/site\/","name":"","description":"","potentialAction":[{"@type":"SearchAction","target":{"@type":"EntryPoint","urlTemplate":"https:\/\/sst-prevention.fr\/site\/?s={search_term_string}"},"query-input":{"@type":"PropertyValueSpecification","valueRequired":true,"valueName":"search_term_string"}}],"inLanguage":"fr-FR"}]}},"_links":{"self":[{"href":"https:\/\/sst-prevention.fr\/site\/wp-json\/wp\/v2\/pages\/235","targetHints":{"allow":["GET"]}}],"collection":[{"href":"https:\/\/sst-prevention.fr\/site\/wp-json\/wp\/v2\/pages"}],"about":[{"href":"https:\/\/sst-prevention.fr\/site\/wp-json\/wp\/v2\/types\/page"}],"author":[{"embeddable":true,"href":"https:\/\/sst-prevention.fr\/site\/wp-json\/wp\/v2\/users\/1"}],"replies":[{"embeddable":true,"href":"https:\/\/sst-prevention.fr\/site\/wp-json\/wp\/v2\/comments?post=235"}],"version-history":[{"count":12,"href":"https:\/\/sst-prevention.fr\/site\/wp-json\/wp\/v2\/pages\/235\/revisions"}],"predecessor-version":[{"id":978,"href":"https:\/\/sst-prevention.fr\/site\/wp-json\/wp\/v2\/pages\/235\/revisions\/978"}],"up":[{"embeddable":true,"href":"https:\/\/sst-prevention.fr\/site\/wp-json\/wp\/v2\/pages\/66"}],"wp:attachment":[{"href":"https:\/\/sst-prevention.fr\/site\/wp-json\/wp\/v2\/media?parent=235"}],"curies":[{"name":"wp","href":"https:\/\/api.w.org\/{rel}","templated":true}]}}